{"id":2949,"date":"2021-03-03T15:50:11","date_gmt":"2021-03-03T15:50:11","guid":{"rendered":"https:\/\/www.sislibilgisayarci.com\/?page_id=2949"},"modified":"2021-03-03T15:50:11","modified_gmt":"2021-03-03T15:50:11","slug":"evrensel-bilgisayar-cerez-politikasi","status":"publish","type":"page","link":"http:\/\/www.sislibilgisayarci.com\/?page_id=2949","title":{"rendered":"Evrensel Bilgisayar \u00c7erez Politikas\u0131"},"content":{"rendered":"\n<p><strong>EVRENSEL B\u0130LG\u0130SAYAR<\/strong><\/p>\n\n\n\n<p><strong>\u0130NTERNET S\u0130TELER\u0130 KULLANIM \u015eARTLARI VE G\u0130ZL\u0130L\u0130K POL\u0130T\u0130KASI<\/strong><\/p>\n\n\n\n<p><strong>&#8220;Kullan\u0131m \u015eartlar\u0131 Ve Gizlilik\/Ki\u015fisel Verilerin Korunmas\u0131 Politikas\u0131 ve Ayd\u0131nlatma Metni<\/strong>\u201d siz de\u011ferli kullan\u0131c\u0131lar\u0131m\u0131za web sitemizde yer alan bilgi ve hizmetlerin sa\u011flanmas\u0131na ili\u015fkin h\u00fck\u00fcmleri d\u00fczenlemektedir.<\/p>\n\n\n\n<p>Buna g\u00f6re;<\/p>\n\n\n\n<p><strong><u>Kullan\u0131c\u0131\/Kullan\u0131c\u0131lar : <\/u><\/strong>Ki\u015fisel verilerini, sitede yer alan ileti\u015fim formlar\u0131n\u0131n talep etti\u011fi bilgileri kendi a\u00e7\u0131k r\u0131zalar\u0131 ile vererek siteye \u00fcye olan veya ki\u015fisel verilerini vermeden sadece siteyi ziyaret eden ger\u00e7ek ki\u015fileri,<\/p>\n\n\n\n<p><strong><u>Ki\u015fisel Veri :<\/u><\/strong>&nbsp;Kimli\u011fi belirli veya belirlenebilir ger\u00e7ek ki\u015fiye ili\u015fkin her t\u00fcrl\u00fc bilgiyi,<\/p>\n\n\n\n<p><strong><u>Ki\u015fisel Verilerin \u0130\u015flenmesi : <\/u><\/strong>Ki\u015fisel verilerin tamamen veya k\u0131smen otomatik olan ya da herhangi bir veri kay\u0131t sisteminin par\u00e7as\u0131 olmak kayd\u0131yla otomatik olmayan yollarla elde edilmesi, kaydedilmesi, depolanmas\u0131, muhafaza edilmesi, de\u011fi\u015ftirilmesi, yeniden d\u00fczenlenmesi, a\u00e7\u0131klanmas\u0131, aktar\u0131lmas\u0131, devral\u0131nmas\u0131, elde edilebilir h\u00e2le getirilmesi, s\u0131n\u0131fland\u0131r\u0131lmas\u0131 ya da kullan\u0131lmas\u0131n\u0131n engellenmesi gibi veriler \u00fczerinde ger\u00e7ekle\u015ftirilen her t\u00fcrl\u00fc i\u015flemi,<\/p>\n\n\n\n<p><strong><u>Site :<\/u><\/strong>&nbsp;https:\/\/www.sislibilgisayarci.com\/ adresinde yer alan web sitesini,<\/p>\n\n\n\n<p><strong><u>FSEK&nbsp;<\/u><\/strong><strong>:<\/strong>&nbsp;5846 say\u0131l\u0131 Fikir ve Sanat Eserleri Kanunu\u2019nu,<\/p>\n\n\n\n<p><strong><u>5651 say\u0131l\u0131 Kanun :<\/u><\/strong>&nbsp;\u0130nternet Ortam\u0131nda Yap\u0131lan Yay\u0131nlar\u0131n D\u00fczenlenmesi Ve Bu Yay\u0131nlar Yoluyla \u0130\u015flenen Su\u00e7larla M\u00fccadele Edilmesi Hakk\u0131nda Kanun\u2019u,<\/p>\n\n\n\n<p><strong><u>6698 say\u0131l\u0131 Kanun :<\/u><\/strong>&nbsp;Ki\u015fisel Verilerin Korunmas\u0131 Kanunu\u2019nu, ifade eder.<\/p>\n\n\n\n<p><strong>KULLANIM \u015eARTLARI<\/strong><\/p>\n\n\n\n<p><strong>KULLANIM \u015eARTLARI, ER\u0130\u015e\u0130M, R\u0130SK VE SORUMLULU\u011eUN SINIRLANDIRILMASI, IP ADRESLER\u0130 VE COOK\u0130ELER (\u00c7EREZLER)<\/strong><\/p>\n\n\n\n<p><strong>1. <\/strong><a href=\"https:\/\/www.8mmmakarafilm.com\/\">https:\/\/www.sislibilgisayarci.com\/ <\/a>&nbsp;web sitesi ve sitedeki t\u00fcm dok\u00fcmanlar Evrensel Bilgisayar&#8217;\u0131n m\u00fclkiyetindedir. Bu d\u00f6k\u00fcmanlar, on-line sisteminde g\u00f6r\u00fclmesi i\u00e7in gerekli olmas\u0131 hali haricinde kopyalanamaz, yeniden \u00fcretilemez.<\/p>\n\n\n\n<p>Yukar\u0131da belirtilenden ba\u011f\u0131ms\u0131z olarak, sitenin sayfalar\u0131n\u0131n yaz\u0131c\u0131 \u00e7\u0131kt\u0131s\u0131n\u0131 ki\u015fisel kullan\u0131m\u0131n\u0131z i\u00e7in alabilirsiniz. Bu sitede yer alan dok\u00fcmanlar ile ilgili fikri ve s\u0131nai m\u00fclkiyet haklar\u0131n\u0131 ihlal edecek nitelikteki her t\u00fcrl\u00fc kullan\u0131m sonras\u0131nda ortaya \u00e7\u0131kabilecek yasal sorumluluklar kullan\u0131c\u0131ya aittir.<\/p>\n\n\n\n<p><strong>2.<\/strong>Site ile link olu\u015fturmak isterseniz, bu link&nbsp;<a href=\"http:\/\/www.ozkaplancarpet.com\/\">https:\/\/www.sislibilgisayarci.com\/ &nbsp;<\/a>ana sayfas\u0131na y\u00f6nlendirilmelidir.<\/p>\n\n\n\n<p><strong>3.<\/strong>Evrensel Bilgisayar taraf\u0131ndan web sitesinin vir\u00fcs ve benzeri ama\u00e7l\u0131 yaz\u0131l\u0131mlardan ar\u0131nd\u0131r\u0131lm\u0131\u015f olmas\u0131 i\u00e7in mevcut imk\u00e2nlar d\u00e2hilinde tedbir al\u0131nm\u0131\u015f olmakla birlikte, nihai g\u00fcvenli\u011fin sa\u011flanmas\u0131 i\u00e7in kullan\u0131c\u0131, kendi vir\u00fcs koruma sistemini tedarik etmek ve gerekli korumay\u0131 sa\u011flamakla y\u00fck\u00fcml\u00fcd\u00fcr.<\/p>\n\n\n\n<p>Bu \u00e7er\u00e7evede&nbsp;<a href=\"http:\/\/www.ozkaplancarpet.com\/\">https:\/\/www.sislibilgisayarci.com\/ &nbsp;<\/a>web sitesine girmesi nedeniyle, kendi yaz\u0131l\u0131m ve i\u015fletim sistemlerinde olu\u015fabilecek t\u00fcm hata ve bunlar\u0131n do\u011frudan ya da dolayl\u0131 sonu\u00e7lar\u0131ndan kendisinin sorumlu oldu\u011funu kabul eder.<\/p>\n\n\n\n<p><strong>4.<\/strong><a href=\"http:\/\/www.ozkaplancarpet.com\/\">https:\/\/www.sislibilgisayarci.com\/ &nbsp;<\/a>web sitesinde yer alan her t\u00fcrl\u00fc fiyat, bilgi, resim, a\u00e7\u0131klama ve haber (k\u0131saca &#8220;bilgi&#8221;) sadece tan\u0131t\u0131m ve bilgi verme ama\u00e7l\u0131d\u0131r. Kullan\u0131c\u0131 hi\u00e7bir \u015fekilde web sitesinde yer alan bilgilerin hatal\u0131 oldu\u011fu ya da bu bilgilere istinaden zarara u\u011frad\u0131\u011f\u0131 iddias\u0131nda bulunamaz. Kullan\u0131c\u0131, bilgileri referans alarak bir i\u015flem yapmak niyetinde oldu\u011funda, nihai ve g\u00fcvenilir enformasyonu, Evrensel Bilgisayar ve Evrensel Bilgisayar yetkili sat\u0131c\u0131lar\u0131ndan temin etmekle y\u00fck\u00fcml\u00fc oldu\u011funu ve web sitesinde yay\u0131nlanan bilgilerin g\u00fcncel olmamas\u0131 nedeniyle Evrensel Bilgisayar\u2019\u0131n herhangi bir sorumlulu\u011fu olmad\u0131\u011f\u0131n\u0131 kabul eder.<\/p>\n\n\n\n<p><strong>5.<\/strong>Evrensel Bilgisayar, kendi takdirinde olmak \u00fczere sitenin i\u00e7eri\u011fini diledi\u011fi zaman de\u011fi\u015ftirme, kullan\u0131c\u0131lara sa\u011flanan herhangi bir hizmeti de\u011fi\u015ftirme ya da sona erdirme ve <a href=\"http:\/\/www.ozkaplancarpet.com\/\">https:\/\/www.sislibilgisayarci.com\/ &nbsp;<\/a>web sitesinde kay\u0131tl\u0131 kullan\u0131c\u0131 bilgi ve verilerini silme hakk\u0131n\u0131 sakl\u0131 tutar. Evrensel Bilgisayar, web sitesinin hatas\u0131z olmas\u0131 i\u00e7in her t\u00fcrl\u00fc tedbir alm\u0131\u015f olmakla birlikte, sitede mevcut ya da olu\u015fabilecek hatalar ile ilgili herhangi bir garanti vermemektedir.<\/p>\n\n\n\n<p><strong>6.<\/strong><a href=\"http:\/\/www.ozkaplancarpet.com\/\">https:\/\/www.sislibilgisayarci.com\/ &nbsp;<\/a>web sitesindeki; Evrensel Bilgisayar yetkili sat\u0131c\u0131lar\u0131, Evrensel Bilgisayar\u2019\u0131n ithalat\u0131n\u0131 yapt\u0131\u011f\u0131 \u00fcr\u00fcnlerin standart ve opsiyonel \u00f6zellikleri ve yetkili sat\u0131c\u0131ya tavsiye edilen sat\u0131\u015f fiyatlar\u0131 ile ilgili bilgiler son g\u00fcncelleme tarihinde ge\u00e7erli olan bilgilerdir.<\/p>\n\n\n\n<p>\u00dcr\u00fcnler ve Evrensel Bilgisayar yetkilileri ile ilgili nihai bilgi temini i\u00e7in Evrensel Bilgisayar adresi veya irtibat numaralar\u0131 ile temasa ge\u00e7ilmesini \u00f6nemle rica ederiz. Bu \u00e7er\u00e7evede Evrensel Bilgisayar web sitesinde yer alan bilgilerin (aksi a\u00e7\u0131k bir \u015fekilde belirtilmedik\u00e7e) bir sat\u0131\u015f teklifi olmad\u0131\u011f\u0131n\u0131 ve Evrensel Bilgisayar ad\u0131na bir taahh\u00fct te\u015fkil etmedi\u011fini beyan eder.<\/p>\n\n\n\n<p><strong>7.<\/strong>Resmi makamlardan kullan\u0131c\u0131ya y\u00f6nelik bir su\u00e7 duyurusu ya da resmi soru\u015fturma talebi gelmesi ve\/veya kullan\u0131c\u0131n\u0131n Evrensel Bilgisayar sistemlerinin \u00e7al\u0131\u015fmas\u0131na engel olacak ya da i\u015fleyi\u015fini de\u011fi\u015ftirecek herhangi bir elektronik sabotaj veya sald\u0131r\u0131 yapt\u0131\u011f\u0131n\u0131n tespit edilmesi halinde, Evrensel Bilgisayar, kullan\u0131c\u0131n\u0131n kimlik bilgilerini ara\u015ft\u0131rma ve yasal mercilere bildirimde bulunma hakk\u0131na sahiptir.<\/p>\n\n\n\n<p>Evrensel Bilgisayar web sitesi ile sahip oldu\u011fu t\u00fcm alt sitelerinin ve di\u011fer bilgi sistemlerinin g\u00fcvenli\u011fini sa\u011flamak Evrensel Bilgisayar sorumlulu\u011fundad\u0131r. Ticari ama\u00e7l\u0131, iyi niyetli ya da ba\u015fka bir ama\u00e7la, web siteleri ve di\u011fer bilgi teknolojileri sistemlerinde bulunabilecek zafiyetlerin tespitine y\u00f6nelik taramalar ve tespit edilebilecek zafiyetlerin suiistimal edilerek sistemlere zarar verilmesi, bilgi s\u0131zd\u0131rma vb. faaliyetler yasa d\u0131\u015f\u0131d\u0131r.<\/p>\n\n\n\n<p>Bu gibi faaliyetlerin ger\u00e7ekle\u015ftirilmesi durumunda 5651 say\u0131l\u0131 \u0130nternet Ortam\u0131nda Yap\u0131lan Yay\u0131nlar\u0131n D\u00fczenlenmesi ve Bu Yay\u0131nlar Yoluyla \u0130\u015flenen Su\u00e7larla M\u00fccadele Edilmesi Hakk\u0131nda Kanun uyar\u0131nca yapt\u0131r\u0131m uygulanabilir. Bu gibi giri\u015fimlerde bulunulmas\u0131 halinde, Evrensel Bilgisayar yap\u0131lan sald\u0131r\u0131n\u0131n tipi, sald\u0131r\u0131 zaman\u0131, sald\u0131rgana ili\u015fkin yasa kapsam\u0131nda toplanan verilerle birlikte hukuki s\u00fcre\u00e7 ba\u015flatma ve s\u00fcre\u00e7 sonucunda para cezas\u0131 ya da hapis cezas\u0131na varacak cezalar\u0131 talep etme hakk\u0131n\u0131 sakl\u0131 tutar.<\/p>\n\n\n\n<p><strong>8.<\/strong>Baz\u0131 durumlarda, \u015fahs\u0131n\u0131za \u00f6zel olmayan bilgiler toplanabilir. Bu tip bilgilere \u00f6rnek olarak kulland\u0131\u011f\u0131n\u0131z internet taray\u0131c\u0131s\u0131n\u0131n t\u00fcr\u00fc, i\u015fletim sisteminiz, sitemize linkle ya da ilanla ula\u015ft\u0131\u011f\u0131n\u0131z sitenin domain ismi verilebilir.<\/p>\n\n\n\n<p><strong>9.<\/strong>Siteyi ziyaret etti\u011finizde bilgisayar\u0131n\u0131za bilgi konulabilir. Bu bilgi, \u00e7erez (&#8220;cookie&#8221;) format\u0131nda ya da benzeri t\u00fcrden dosyada olacakt\u0131r ve bize birka\u00e7 y\u00f6nden yard\u0131mc\u0131 olacakt\u0131r.<\/p>\n\n\n\n<p>Evrensel Bilgisayar taraf\u0131ndan i\u015fletilen elektronik ticaret platformlar\u0131na nereden ve hangi cihazlardan ba\u011fland\u0131\u011f\u0131n\u0131z, web sitesi\/mobil uygulama\/mobil sitesi \u00fczerinde hangi i\u00e7eri\u011fi g\u00f6r\u00fcnt\u00fcledi\u011finiz ve ziyaretinizin s\u00fcresi gibi web sitesini\/mobil uygulamay\u0131\/mobil sitesini nas\u0131l kulland\u0131\u011f\u0131n\u0131z\u0131n tespiti de d\u00e2hil olmak \u00fczere; web sitesini\/mobil uygulamay\u0131\/mobil siteyi nas\u0131l kulland\u0131\u011f\u0131n\u0131z\u0131 belirlemek i\u00e7in kullan\u0131r.<\/p>\n\n\n\n<p>Evrensel Bilgisayar ayr\u0131ca Google, Inc. (&#8220;Google&#8221;) taraf\u0131ndan sa\u011flanan bir web analizi hizmeti olan Google Analytics kullanmaktad\u0131r. Google Analytics, \u00e7erezleri ziyaret\u00e7ilerin web sitesini\/mobil uygulamay\u0131\/mobil sitesini nas\u0131l kulland\u0131klar\u0131n\u0131 istatistiki bilgiler\/raporlar ile analiz etmek amac\u0131yla kullan\u0131r.<\/p>\n\n\n\n<p>Google Analytics kullan\u0131m\u0131 hakk\u0131nda daha fazla bilgi i\u00e7in (reddetme se\u00e7enekleri d\u00e2hil), \u015fu adresi ziyaretedebilirsiniz:<a href=\"https:\/\/www.google.com\/intl\/tr\/policies\/privacy\/#infocollect\" target=\"_blank\" rel=\"noreferrer noopener\">https:\/\/www.google.com\/intl\/tr\/policies\/privacy\/#infocollect<\/a><\/p>\n\n\n\n<p><strong>\u00c7erez Y\u00f6netimi<\/strong><\/p>\n\n\n\n<p>\u0130nternet taray\u0131c\u0131n\u0131z\u0131n \u00e7e\u015fidine g\u00f6re a\u015fa\u011f\u0131daki ad\u0131mlar\u0131 izleyerek, \u00e7erezler hakk\u0131nda bilgi edinip, izin verme veya reddetme hakk\u0131n\u0131z\u0131 kullanabilirsiniz:<\/p>\n\n\n\n<p>Google Chrome:Browser\u2019\u0131n\u0131z\u0131n &#8220;adres b\u00f6l\u00fcm\u00fcnde\u201d yer alan, &#8220;kilit i\u015fareti\u201d veya &#8220;i\u201d harfini t\u0131klayarak, &#8220;Cookie\u201d sekmesinden \u00e7erezlere izin verebilir veya bloke edebilirsiniz.<\/p>\n\n\n\n<p>\u0130nternet Explorer:Browser\u2019\u0131n\u0131z\u0131n sa\u011f \u00fcst k\u00f6\u015fesinde yer alan &#8220;Tool\u201d veya &#8220;Ara\u00e7lar\u201d B\u00f6l\u00fcm\u00fcnden &#8220;G\u00fcvenlik\u201d sekmesini t\u0131klay\u0131n ve &#8220;izin ver\u201d veya &#8220;izin verme\u201d \u015feklinde \u00e7erez y\u00f6netimizi ger\u00e7ekle\u015ftirin.<\/p>\n\n\n\n<p>MozillaFirefox:Browser\u2019\u0131n\u0131z\u0131n sa\u011f \u00fcst k\u00f6\u015fesinde yer alan &#8220;men\u00fcy\u00fc a\u00e7\u201d sekmesini t\u0131klay\u0131n\u0131z. &#8220;Se\u00e7enekler\u201d g\u00f6rselini t\u0131klayarak &#8220;Gizlilik ve G\u00fcvenlik\u201d butonunu kullanarak \u00e7erez y\u00f6netiminizi yap\u0131n\u0131z.<\/p>\n\n\n\n<p>Di\u011fer browserlar i\u00e7in de (opera, microsoftedge gibi), ilgili browser\u2019\u0131n yard\u0131m veya destek sayfalar\u0131n\u0131 inceleyebilirsiniz.<\/p>\n\n\n\n<p>Safari:&nbsp;Telefonunuzun &#8220;Ayarlar\u201d b\u00f6l\u00fcm\u00fcnden &#8220;safari\u201d sekmesini se\u00e7ip, &#8220;Gizlilik ve G\u00fcvenlik\u201d B\u00f6l\u00fcm\u00fcnden t\u00fcm \u00e7erez y\u00f6netiminizi sa\u011flayabilirsiniz.<\/p>\n\n\n\n<p><strong>Yukar\u0131daki se\u00e7eneklerin yan\u0131s\u0131ra;<\/strong>&nbsp;t\u00fcm \u00e7erezler hakk\u0131nda bilgi sahibi olmak ve \u00e7erez y\u00f6netimi i\u00e7in:<a href=\"https:\/\/www.allaboutcookies.org\/\" target=\"_blank\" rel=\"noreferrer noopener\">https:\/\/www.allaboutcookies.org<\/a>,<a href=\"https:\/\/www.youronlinechoices.eu\/\" target=\"_blank\" rel=\"noreferrer noopener\">https:\/\/www.youronlinechoices.eu\/<\/a>adresini ziyaret edebilirsiniz, veya &#8220;PrivacyBadger&#8221; uygulamas\u0131n\u0131 kullanabilirsiniz (<a href=\"https:\/\/www.eff.org\/tr\/privacybadger\" target=\"_blank\" rel=\"noreferrer noopener\">https:\/\/www.eff.org\/tr\/privacybadger<\/a>)<\/p>\n\n\n\n<p>Mobil uygulamalarda \u00e7erez veya SDK y\u00f6netimi i\u00e7in cihaz\u0131n\u0131z\u0131n Gizlilik veya Ayarlar B\u00f6l\u00fcm\u00fcnde yer alan y\u00f6nlendirmeleri takip edebilir veya LumenPrivacyMonitor\u2019\u00fc (<a href=\"https:\/\/haystack.mobi\/\" target=\"_blank\" rel=\"noreferrer noopener\">https:\/\/haystack.mobi<\/a>) telefonunuza indirerek kullanabilirsiniz.<\/p>\n\n\n\n<p>Kal\u0131c\u0131 \u00e7erezleri veya oturum \u00e7erezlerini reddederseniz, web sitesini, mobil uygulamay\u0131 ve mobil sitesini kullanmaya devam edebilirsiniz fakat web sitesinin, mobil uygulaman\u0131n ve mobil sitesinin t\u00fcm i\u015flevlerine eri\u015femeyebilirsiniz veya eri\u015fiminiz s\u0131n\u0131rl\u0131 olabilir. Mobil uygulamada s\u00f6z konusu durum de\u011fi\u015fkenlik g\u00f6sterebilmektedir.<\/p>\n\n\n\n<p><strong>\u00c7erez \u00c7e\u015fitleri<\/strong><\/p>\n\n\n\n<p>Kullan\u0131m s\u00fcresine g\u00f6re \u00e7erez \u00e7e\u015fitleri: Evrensel Bilgisayar taraf\u0131ndan i\u015fletilen elektronik ticaret platformlar\u0131n\u0131n web sitesinde, mobil uygulamas\u0131nda ve mobil sitesinde kullan\u0131m s\u00fcrelerine g\u00f6re, oturum \u00e7erezleri ve kal\u0131c\u0131 \u00e7erezler kullanmaktad\u0131r. Oturum \u00e7erezi, taray\u0131c\u0131n\u0131z\u0131 kapatt\u0131\u011f\u0131n\u0131zda sona erer. Kal\u0131c\u0131 \u00e7erez ise sabit diskinizde uzun bir s\u00fcre veya s\u00fcresiz olarak kal\u0131r.<\/p>\n\n\n\n<p>\u00c7erezin sahibi veya \u00e7erezi yerle\u015ftiren tarafa g\u00f6re \u00e7erez \u00e7e\u015fitleri: Evrensel Bilgisayar taraf\u0131ndan i\u015fletilen elektronik ticaret platformlar\u0131n\u0131n web sitesinde, mobil uygulamas\u0131nda ve mobil sitesinde yerle\u015ftiren tarafa g\u00f6re &#8220;Evrensel Bilgisayar ve y\u00f6nlendirilen tedarik\u00e7i \u00e7erezleri (firstpartycookie)\u201d ve &#8220;\u00fc\u00e7\u00fcnc\u00fc taraf (thirdpartycookie) \u00e7erezler&#8221; kullan\u0131lmaktad\u0131r.<\/p>\n\n\n\n<p>Olas\u0131 Evrensel Bilgisayar \u00e7erezleri, Evrensel Bilgisayar taraf\u0131ndan olu\u015fturulurken, \u00fc\u00e7\u00fcnc\u00fc taraf \u00e7erezleri ise i\u015fbirli\u011fi yapt\u0131\u011f\u0131m\u0131z \u00fc\u00e7\u00fcnc\u00fc taraf firmalar taraf\u0131ndan y\u00f6netilmektedir.<\/p>\n\n\n\n<p><strong>10. 5846 Say\u0131l\u0131 Fikir Ve Sanat Eserleri Kanunu ve 5651 Say\u0131l\u0131 \u0130nternet Ortam\u0131nda Yap\u0131lan Yay\u0131nlar\u0131n D\u00fczenlenmesi Ve Bu Yay\u0131nlar Yoluyla \u0130\u015flenen Su\u00e7larla M\u00fccadele Edilmesi Hakk\u0131nda Kanun Uyar\u0131nca Dikkat Edilecek Hususlar<\/strong><\/p>\n\n\n\n<p>Kullan\u0131c\u0131\/Kullan\u0131c\u0131lar, web sitesi \u00fczerinde bir ba\u015fka web sitesine veya i\u00e7eri\u011fe eri\u015fim imk\u00e2n\u0131 tan\u0131yan link&#8217;ler bulunabilece\u011fini, bunlar\u0131n kontrol\u00fcn\u00fcn veya do\u011frulu\u011funun veya yeterlili\u011finin Evrensel Bilgisayar ile ilgisi olmad\u0131\u011f\u0131n\u0131 ve Evrensel Bilgisayar\u2019\u0131n bu siteleri herhangi bir \u015fekilde desteklemedi\u011fini veya i\u00e7erdi\u011fi bilgilerin do\u011frulu\u011funu garanti etmedi\u011fini ve bu sitelerde yer alan i\u00e7eriklerden dolay\u0131 herhangi bir sorumlulu\u011fu bulunmad\u0131\u011f\u0131n\u0131, bu sitelerin ve\/veya i\u00e7eriklerin kullan\u0131m\u0131ndan veya bu i\u00e7eriklere dayal\u0131 olarak alm\u0131\u015f olduklar\u0131 kararlar\u0131n sonu\u00e7lar\u0131ndan, sitenin kullan\u0131m \u015fartlar\u0131n\u0131 okumam\u0131\u015f veya okumu\u015f ancak bunlara uygun davranmam\u0131\u015f olmalar\u0131 sebebiyle u\u011fram\u0131\u015f oldu\u011fu maddi veya manevi, m\u00fcspet veya menfi ve olas\u0131 herhangi bir zarardan veya masraftan Evrensel Bilgisayar veya ona ba\u011fl\u0131 herhangi bir grup \u015firketinin veya \u00e7al\u0131\u015fanlar\u0131n\u0131n, y\u00f6neticilerinin, yetkilendirdikleri ki\u015fi veya kurulu\u015flar\u0131n\u0131n, hukuki veya cezai hi\u00e7bir sorumlulu\u011fu olmad\u0131\u011f\u0131n\u0131, sitede yer alan bilgilerin do\u011frulu\u011fu ve\/veya yeterlili\u011finin Evrensel Bilgisayar taraf\u0131ndan garanti edilmedi\u011fini kabul ve beyan etmi\u015flerdir.<\/p>\n\n\n\n<p>Kullan\u0131c\u0131\/Kullan\u0131c\u0131lar, web sitesi \u00fczerinde Evrensel Bilgisayar\u2019a veya \u00fc\u00e7\u00fcnc\u00fc bir ki\u015fi veya kurulu\u015fa ait herhangi bir yaz\u0131, bilgi, yorum, g\u00f6r\u00fc\u015f, haber, g\u00f6r\u00fcnt\u00fc, resim, \u015fekil, grafik ve sair bir materyal bulunabilece\u011fini, Evrensel Bilgisayar\u2019\u0131n bu materyallerle ilgili olarak S\u0131nai M\u00fclkiyet Kanunu&#8217;nun d\u00fczenledi\u011fi yasal haklara sahip oldu\u011funu, bunlar\u0131n Evrensel Bilgisayar izni olmadan kopyalanamayaca\u011f\u0131n\u0131, de\u011fi\u015ftirilemeyece\u011fini, \u00e7o\u011falt\u0131lamayaca\u011f\u0131n\u0131, yay\u0131nlanamayaca\u011f\u0131n\u0131, sat\u0131lamayaca\u011f\u0131n\u0131 veya kulland\u0131r\u0131lamayaca\u011f\u0131n\u0131 veya bunlara m\u00fcdahale edilemeyece\u011fini kabul ve beyan etmi\u015flerdir.<\/p>\n\n\n\n<p>Bu sitede yay\u0131nlanan t\u00fcm logolar, marka ve kurumsal amblemler ve \u00fcr\u00fcn \u00fcst\u00fcndeki model yaz\u0131lar\u0131, S\u0131nai M\u00fclkiyet Kanunu h\u00fck\u00fcmleri vd. ilgili mevzuat ile korunmaktad\u0131rlar.<\/p>\n\n\n\n<p>Logolar hi\u00e7bir \u015fekilde kopyalanamaz ve kullan\u0131lamazlar. Kullan\u0131c\u0131\/Kullan\u0131c\u0131lar, Evrensel Bilgisayar logosunun veya web sitesine ait sayfalar\u0131n bir ba\u015fka web sitesinde herhangi bir \u015fekilde yer almas\u0131ndan veya web sitesine \u00fc\u00e7\u00fcnc\u00fc ki\u015filer veya ziyaret\u00e7iler taraf\u0131ndan yap\u0131labilecek herhangi bir i\u00e7erik y\u00fcklemesinden dolay\u0131 elde edilecek bilgilerin kullan\u0131m\u0131ndan veya internetin genel uygulamalar \u00e7er\u00e7evesinde kullan\u0131m\u0131 dolay\u0131s\u0131yla sorumluluk do\u011furmayan herhangi bir i\u00e7erikten Evrensel Bilgisayar\u2019\u0131n veya ona ba\u011fl\u0131 veya onun ba\u011fl\u0131 oldu\u011fu herhangi bir grup \u015firketinin veya \u00e7al\u0131\u015fanlar\u0131n\u0131n, y\u00f6neticilerinin, yetkilendirdikleri ki\u015fi veya kurulu\u015flar\u0131n\u0131n, hukuki veya cezai hi\u00e7bir sorumlulu\u011fu olmad\u0131\u011f\u0131n\u0131 kabul ve beyan etmi\u015flerdir.<\/p>\n\n\n\n<p><strong>11.<\/strong>Evrensel Bilgisayar, <a href=\"http:\/\/www.ozkaplancarpet.com\/\">https:\/\/www.sislibilgisayarci.com\/ &nbsp;<\/a>web sitesinde, &#8220;Kullan\u0131m \u015eartlar\u0131&#8221; n\u0131n herhangi bir maddesini, bildirimde bulunmaks\u0131z\u0131n de\u011fi\u015ftirme, yenileme veya iptal etme hakk\u0131na sahiptir. De\u011fi\u015ftirilen, yenilenen ya da y\u00fcr\u00fcrl\u00fckten kald\u0131r\u0131lan her h\u00fck\u00fcm, yay\u0131n tarihinde t\u00fcm kullan\u0131c\u0131lar bak\u0131m\u0131ndan h\u00fck\u00fcm ifade edecektir.<\/p>\n\n\n\n<p><strong>12- Uygulanacak Hukuk, Yetkili Mahkeme Ve \u0130cra Daireleri<\/strong><\/p>\n\n\n\n<p>\u0130\u015fbu &#8220;<strong>Kullan\u0131m \u015eartlar\u0131 Ve Gizlilik Metni<\/strong>\u201d T\u00fcrkiye Cumhuriyeti Kanunlar\u0131na tabidir. Burada yer alan hususlarla ilgili olarak herhangi bir uyu\u015fmazl\u0131k veya ihtilaf iddia veya talep oldu\u011fu takdirde<strong>, \u0130stanbul <\/strong>Mahkeme ve \u0130cra Dairelerinin yetkili olacakt\u0131r.<\/p>\n\n\n\n<p><strong>13- Son H\u00fck\u00fcm<\/strong><\/p>\n\n\n\n<p>Kullan\u0131c\u0131\/Kullan\u0131c\u0131lar, web sitesine girmeden \u00f6nce yukar\u0131da yer alan &#8220;<strong>Kullan\u0131m \u015eartlar\u0131 ve Gizlilik Metni<\/strong>\u201dni\u00a0okuduklar\u0131n\u0131, yukar\u0131da belirtilen t\u00fcm hususlara uyacaklar\u0131n\u0131 gayr\u0131kabili r\u00fccu olarak kabul, beyan ve taahh\u00fct etmi\u015flerdir.<\/p>\n","protected":false},"excerpt":{"rendered":"<p>EVRENSEL B\u0130LG\u0130SAYAR \u0130NTERNET S\u0130TELER\u0130 KULLANIM \u015eARTLARI VE G\u0130ZL\u0130L\u0130K POL\u0130T\u0130KASI &#8220;Kullan\u0131m \u015eartlar\u0131 Ve Gizlilik\/Ki\u015fisel Verilerin Korunmas\u0131 Politikas\u0131 ve Ayd\u0131nlatma Metni\u201d siz de\u011ferli kullan\u0131c\u0131lar\u0131m\u0131za web sitemizde yer alan bilgi ve hizmetlerin sa\u011flanmas\u0131na ili\u015fkin h\u00fck\u00fcmleri d\u00fczenlemektedir. Buna g\u00f6re; Kullan\u0131c\u0131\/Kullan\u0131c\u0131lar : Ki\u015fisel verilerini, sitede yer alan ileti\u015fim formlar\u0131n\u0131n talep etti\u011fi bilgileri kendi a\u00e7\u0131k r\u0131zalar\u0131 ile vererek siteye \u00fcye olan [&hellip;]<\/p>\n","protected":false},"author":2,"featured_media":0,"parent":0,"menu_order":0,"comment_status":"closed","ping_status":"closed","template":"","meta":{"footnotes":""},"_links":{"self":[{"href":"http:\/\/www.sislibilgisayarci.com\/index.php?rest_route=\/wp\/v2\/pages\/2949"}],"collection":[{"href":"http:\/\/www.sislibilgisayarci.com\/index.php?rest_route=\/wp\/v2\/pages"}],"about":[{"href":"http:\/\/www.sislibilgisayarci.com\/index.php?rest_route=\/wp\/v2\/types\/page"}],"author":[{"embeddable":true,"href":"http:\/\/www.sislibilgisayarci.com\/index.php?rest_route=\/wp\/v2\/users\/2"}],"replies":[{"embeddable":true,"href":"http:\/\/www.sislibilgisayarci.com\/index.php?rest_route=%2Fwp%2Fv2%2Fcomments&post=2949"}],"version-history":[{"count":1,"href":"http:\/\/www.sislibilgisayarci.com\/index.php?rest_route=\/wp\/v2\/pages\/2949\/revisions"}],"predecessor-version":[{"id":2951,"href":"http:\/\/www.sislibilgisayarci.com\/index.php?rest_route=\/wp\/v2\/pages\/2949\/revisions\/2951"}],"wp:attachment":[{"href":"http:\/\/www.sislibilgisayarci.com\/index.php?rest_route=%2Fwp%2Fv2%2Fmedia&parent=2949"}],"curies":[{"name":"wp","href":"https:\/\/api.w.org\/{rel}","templated":true}]}}