{"id":1010,"date":"2017-03-27T11:16:31","date_gmt":"2017-03-27T11:16:31","guid":{"rendered":"https:\/\/www.sislibilgisayarci.com\/?product=western-digital-wd3200bekt-320gb-pcb-board2060-701574-001-rev-a-2-5-sata"},"modified":"2024-04-06T09:14:10","modified_gmt":"2024-04-06T09:14:10","slug":"western-digital-wd3200bekt-320gb-pcb-board2060-701574-001-rev-a-2-5-sata","status":"publish","type":"product","link":"http:\/\/www.sislibilgisayarci.com\/?product=western-digital-wd3200bekt-320gb-pcb-board2060-701574-001-rev-a-2-5-sata","title":{"rendered":"Western Digital WD3200BEKT 320GB PCB Board:2060-701574-001 REV A 2.5&#8243; SATA"},"content":{"rendered":"<p>\u00dcr\u00fcn ikinci eldir.<\/p>\n<p>Kargo m\u00fc\u015fteriye aittir.<\/p>\n<p>&nbsp;<\/p>\n","protected":false},"excerpt":{"rendered":"<p>\u00dcr\u00fcn ikinci eldir. Kargo m\u00fc\u015fteriye aittir. &nbsp;<\/p>\n","protected":false},"featured_media":1012,"template":"","meta":[],"product_cat":[36],"product_tag":[929,928,178,926,132,131,484,927,925],"_links":{"self":[{"href":"http:\/\/www.sislibilgisayarci.com\/index.php?rest_route=\/wp\/v2\/product\/1010"}],"collection":[{"href":"http:\/\/www.sislibilgisayarci.com\/index.php?rest_route=\/wp\/v2\/product"}],"about":[{"href":"http:\/\/www.sislibilgisayarci.com\/index.php?rest_route=\/wp\/v2\/types\/product"}],"wp:featuredmedia":[{"embeddable":true,"href":"http:\/\/www.sislibilgisayarci.com\/index.php?rest_route=\/wp\/v2\/media\/1012"}],"wp:attachment":[{"href":"http:\/\/www.sislibilgisayarci.com\/index.php?rest_route=%2Fwp%2Fv2%2Fmedia&parent=1010"}],"wp:term":[{"taxonomy":"product_cat","embeddable":true,"href":"http:\/\/www.sislibilgisayarci.com\/index.php?rest_route=%2Fwp%2Fv2%2Fproduct_cat&post=1010"},{"taxonomy":"product_tag","embeddable":true,"href":"http:\/\/www.sislibilgisayarci.com\/index.php?rest_route=%2Fwp%2Fv2%2Fproduct_tag&post=1010"}],"curies":[{"name":"wp","href":"https:\/\/api.w.org\/{rel}","templated":true}]}}