{"id":105,"date":"2017-01-07T09:33:49","date_gmt":"2017-01-07T09:33:49","guid":{"rendered":"https:\/\/www.sislibilgisayarci.com\/?post_type=product&#038;p=105"},"modified":"2024-04-06T09:14:55","modified_gmt":"2024-04-06T09:14:55","slug":"exper-l4b-01-hy6q05p-cpu-fan","status":"publish","type":"product","link":"http:\/\/www.sislibilgisayarci.com\/?product=exper-l4b-01-hy6q05p-cpu-fan","title":{"rendered":"Exper L4B-01 (HY6Q05P) CPU Fan"},"content":{"rendered":"<p>\u00dcr\u00fcn 2. eldir.<\/p>\n<p>Kargo m\u00fc\u015fteriye aittir.<\/p>\n","protected":false},"excerpt":{"rendered":"<p>\u00dcr\u00fcn 2. eldir. Kargo m\u00fc\u015fteriye aittir.<\/p>\n","protected":false},"featured_media":120,"template":"","meta":[],"product_cat":[30],"product_tag":[33,34,31,35,32],"_links":{"self":[{"href":"http:\/\/www.sislibilgisayarci.com\/index.php?rest_route=\/wp\/v2\/product\/105"}],"collection":[{"href":"http:\/\/www.sislibilgisayarci.com\/index.php?rest_route=\/wp\/v2\/product"}],"about":[{"href":"http:\/\/www.sislibilgisayarci.com\/index.php?rest_route=\/wp\/v2\/types\/product"}],"wp:featuredmedia":[{"embeddable":true,"href":"http:\/\/www.sislibilgisayarci.com\/index.php?rest_route=\/wp\/v2\/media\/120"}],"wp:attachment":[{"href":"http:\/\/www.sislibilgisayarci.com\/index.php?rest_route=%2Fwp%2Fv2%2Fmedia&parent=105"}],"wp:term":[{"taxonomy":"product_cat","embeddable":true,"href":"http:\/\/www.sislibilgisayarci.com\/index.php?rest_route=%2Fwp%2Fv2%2Fproduct_cat&post=105"},{"taxonomy":"product_tag","embeddable":true,"href":"http:\/\/www.sislibilgisayarci.com\/index.php?rest_route=%2Fwp%2Fv2%2Fproduct_tag&post=105"}],"curies":[{"name":"wp","href":"https:\/\/api.w.org\/{rel}","templated":true}]}}