{"id":1060,"date":"2017-04-24T13:00:36","date_gmt":"2017-04-24T13:00:36","guid":{"rendered":"https:\/\/www.sislibilgisayarci.com\/?product=hp-pavilion-dv6-1125-et-alt-kasa-3cut1ba0060"},"modified":"2024-04-06T09:14:08","modified_gmt":"2024-04-06T09:14:08","slug":"hp-pavilion-dv6-1125-et-alt-kasa-3cut1ba0060","status":"publish","type":"product","link":"http:\/\/www.sislibilgisayarci.com\/?product=hp-pavilion-dv6-1125-et-alt-kasa-3cut1ba0060","title":{"rendered":"HP Pavilion DV6-1125 et alt kasa 3CUT1BA0060"},"content":{"rendered":"<p>\u00dcr\u00fcn ikinci eldir.<\/p>\n<p>Kargo m\u00fc\u015fteriye aittir.<\/p>\n<p>&nbsp;<\/p>\n<p>&nbsp;<\/p>\n","protected":false},"excerpt":{"rendered":"<p>\u00dcr\u00fcn ikinci eldir. Kargo m\u00fc\u015fteriye aittir. &nbsp; &nbsp;<\/p>\n","protected":false},"featured_media":1061,"template":"","meta":[],"product_cat":[27],"product_tag":[988,46,987,77,47,204],"_links":{"self":[{"href":"http:\/\/www.sislibilgisayarci.com\/index.php?rest_route=\/wp\/v2\/product\/1060"}],"collection":[{"href":"http:\/\/www.sislibilgisayarci.com\/index.php?rest_route=\/wp\/v2\/product"}],"about":[{"href":"http:\/\/www.sislibilgisayarci.com\/index.php?rest_route=\/wp\/v2\/types\/product"}],"wp:featuredmedia":[{"embeddable":true,"href":"http:\/\/www.sislibilgisayarci.com\/index.php?rest_route=\/wp\/v2\/media\/1061"}],"wp:attachment":[{"href":"http:\/\/www.sislibilgisayarci.com\/index.php?rest_route=%2Fwp%2Fv2%2Fmedia&parent=1060"}],"wp:term":[{"taxonomy":"product_cat","embeddable":true,"href":"http:\/\/www.sislibilgisayarci.com\/index.php?rest_route=%2Fwp%2Fv2%2Fproduct_cat&post=1060"},{"taxonomy":"product_tag","embeddable":true,"href":"http:\/\/www.sislibilgisayarci.com\/index.php?rest_route=%2Fwp%2Fv2%2Fproduct_tag&post=1060"}],"curies":[{"name":"wp","href":"https:\/\/api.w.org\/{rel}","templated":true}]}}