{"id":1083,"date":"2017-04-24T14:17:06","date_gmt":"2017-04-24T14:17:06","guid":{"rendered":"https:\/\/www.sislibilgisayarci.com\/?product=hp-pavilion-dv6-1125et-harddisk-sata-adaptoru"},"modified":"2024-04-06T09:14:06","modified_gmt":"2024-04-06T09:14:06","slug":"hp-pavilion-dv6-1125et-harddisk-sata-adaptoru","status":"publish","type":"product","link":"http:\/\/www.sislibilgisayarci.com\/?product=hp-pavilion-dv6-1125et-harddisk-sata-adaptoru","title":{"rendered":"HP Pavilion DV6-1125et  Harddisk Sata Adapt\u00f6r\u00fc"},"content":{"rendered":"<p>\u00dcr\u00fcn ikinci eldir.<\/p>\n<p>Kargo m\u00fc\u015fteriye aittir.<\/p>\n<p>&nbsp;<\/p>\n<p>&nbsp;<\/p>\n","protected":false},"excerpt":{"rendered":"<p>\u00dcr\u00fcn ikinci eldir. Kargo m\u00fc\u015fteriye aittir. &nbsp; &nbsp;<\/p>\n","protected":false},"featured_media":0,"template":"","meta":[],"product_cat":[36],"product_tag":[1005,987,119,77,236,204,484],"_links":{"self":[{"href":"http:\/\/www.sislibilgisayarci.com\/index.php?rest_route=\/wp\/v2\/product\/1083"}],"collection":[{"href":"http:\/\/www.sislibilgisayarci.com\/index.php?rest_route=\/wp\/v2\/product"}],"about":[{"href":"http:\/\/www.sislibilgisayarci.com\/index.php?rest_route=\/wp\/v2\/types\/product"}],"wp:attachment":[{"href":"http:\/\/www.sislibilgisayarci.com\/index.php?rest_route=%2Fwp%2Fv2%2Fmedia&parent=1083"}],"wp:term":[{"taxonomy":"product_cat","embeddable":true,"href":"http:\/\/www.sislibilgisayarci.com\/index.php?rest_route=%2Fwp%2Fv2%2Fproduct_cat&post=1083"},{"taxonomy":"product_tag","embeddable":true,"href":"http:\/\/www.sislibilgisayarci.com\/index.php?rest_route=%2Fwp%2Fv2%2Fproduct_tag&post=1083"}],"curies":[{"name":"wp","href":"https:\/\/api.w.org\/{rel}","templated":true}]}}