{"id":1087,"date":"2017-04-26T07:46:40","date_gmt":"2017-04-26T07:46:40","guid":{"rendered":"https:\/\/www.sislibilgisayarci.com\/?product=hp-compaq-presario-cq61-alt-kasa-370p6ba"},"modified":"2024-04-06T09:14:06","modified_gmt":"2024-04-06T09:14:06","slug":"hp-compaq-presario-cq61-alt-kasa-370p6ba","status":"publish","type":"product","link":"http:\/\/www.sislibilgisayarci.com\/?product=hp-compaq-presario-cq61-alt-kasa-370p6ba","title":{"rendered":"Hp Compaq Presario CQ61 Alt Kasa 370p6ba"},"content":{"rendered":"<p>\u00dcr\u00fcn ikinci eldir.<\/p>\n<p>Kargo m\u00fc\u015fteriye aittir.<\/p>\n","protected":false},"excerpt":{"rendered":"<p>\u00dcr\u00fcn ikinci eldir. Kargo m\u00fc\u015fteriye aittir.<\/p>\n","protected":false},"featured_media":1089,"template":"","meta":[],"product_cat":[27],"product_tag":[1006,46,429,855,77,47,863],"_links":{"self":[{"href":"http:\/\/www.sislibilgisayarci.com\/index.php?rest_route=\/wp\/v2\/product\/1087"}],"collection":[{"href":"http:\/\/www.sislibilgisayarci.com\/index.php?rest_route=\/wp\/v2\/product"}],"about":[{"href":"http:\/\/www.sislibilgisayarci.com\/index.php?rest_route=\/wp\/v2\/types\/product"}],"wp:featuredmedia":[{"embeddable":true,"href":"http:\/\/www.sislibilgisayarci.com\/index.php?rest_route=\/wp\/v2\/media\/1089"}],"wp:attachment":[{"href":"http:\/\/www.sislibilgisayarci.com\/index.php?rest_route=%2Fwp%2Fv2%2Fmedia&parent=1087"}],"wp:term":[{"taxonomy":"product_cat","embeddable":true,"href":"http:\/\/www.sislibilgisayarci.com\/index.php?rest_route=%2Fwp%2Fv2%2Fproduct_cat&post=1087"},{"taxonomy":"product_tag","embeddable":true,"href":"http:\/\/www.sislibilgisayarci.com\/index.php?rest_route=%2Fwp%2Fv2%2Fproduct_tag&post=1087"}],"curies":[{"name":"wp","href":"https:\/\/api.w.org\/{rel}","templated":true}]}}