{"id":1368,"date":"2017-11-21T13:13:27","date_gmt":"2017-11-21T13:13:27","guid":{"rendered":"https:\/\/www.sislibilgisayarci.com\/?post_type=product&#038;p=1368"},"modified":"2024-09-25T15:01:43","modified_gmt":"2024-09-25T15:01:43","slug":"dell-studio-1555-intel-laptop-motherboard-31fm8mb0030-31fm8mb00c0-da0fm8mb8e0","status":"publish","type":"product","link":"http:\/\/www.sislibilgisayarci.com\/?product=dell-studio-1555-intel-laptop-motherboard-31fm8mb0030-31fm8mb00c0-da0fm8mb8e0","title":{"rendered":"Dell Studio 1555 Intel Laptop Motherboard 31FM8MB0030 31FM8MB00C0 DA0FM8MB8E0"},"content":{"rendered":"<p>\u00dcr\u00fcn ikinci eldir.<\/p>\n<p>Kargo \u00fccreti m\u00fc\u015fteriye aittir.<\/p>\n<p>\u00e7al\u0131\u015f\u0131p \u00e7al\u0131\u015fmad\u0131\u011f\u0131 bilinmemektedir.<\/p>\n","protected":false},"excerpt":{"rendered":"<p>\u00dcr\u00fcn ikinci eldir. Kargo \u00fccreti m\u00fc\u015fteriye aittir. \u00e7al\u0131\u015f\u0131p \u00e7al\u0131\u015fmad\u0131\u011f\u0131 bilinmemektedir.<\/p>\n","protected":false},"featured_media":1369,"template":"","meta":[],"product_cat":[36],"product_tag":[1266,1281,1282,1283,87,306,118,1192,1265],"_links":{"self":[{"href":"http:\/\/www.sislibilgisayarci.com\/index.php?rest_route=\/wp\/v2\/product\/1368"}],"collection":[{"href":"http:\/\/www.sislibilgisayarci.com\/index.php?rest_route=\/wp\/v2\/product"}],"about":[{"href":"http:\/\/www.sislibilgisayarci.com\/index.php?rest_route=\/wp\/v2\/types\/product"}],"wp:featuredmedia":[{"embeddable":true,"href":"http:\/\/www.sislibilgisayarci.com\/index.php?rest_route=\/wp\/v2\/media\/1369"}],"wp:attachment":[{"href":"http:\/\/www.sislibilgisayarci.com\/index.php?rest_route=%2Fwp%2Fv2%2Fmedia&parent=1368"}],"wp:term":[{"taxonomy":"product_cat","embeddable":true,"href":"http:\/\/www.sislibilgisayarci.com\/index.php?rest_route=%2Fwp%2Fv2%2Fproduct_cat&post=1368"},{"taxonomy":"product_tag","embeddable":true,"href":"http:\/\/www.sislibilgisayarci.com\/index.php?rest_route=%2Fwp%2Fv2%2Fproduct_tag&post=1368"}],"curies":[{"name":"wp","href":"https:\/\/api.w.org\/{rel}","templated":true}]}}