{"id":1436,"date":"2018-03-19T10:48:26","date_gmt":"2018-03-19T10:48:26","guid":{"rendered":"https:\/\/www.sislibilgisayarci.com\/?post_type=product&#038;p=1436"},"modified":"2024-04-06T09:13:50","modified_gmt":"2024-04-06T09:13:50","slug":"hp-elitbook-ust-kasa-sps-594098-001","status":"publish","type":"product","link":"http:\/\/www.sislibilgisayarci.com\/?product=hp-elitbook-ust-kasa-sps-594098-001","title":{"rendered":"HP Elitbook, power Buton Panel (597907-001)"},"content":{"rendered":"<p>Power D\u00fc\u011fmesi ayr\u0131ca sat\u0131lmaktad\u0131r.<\/p>\n<p>Media kart\u0131 \u00fczerindedir.<\/p>\n<p>\u00dcr\u00fcn 2. eldir.<\/p>\n<p>Kargo \u00fccreti al\u0131c\u0131ya aittir.<\/p>\n","protected":false},"excerpt":{"rendered":"<p>Power D\u00fc\u011fmesi ayr\u0131ca sat\u0131lmaktad\u0131r. Media kart\u0131 \u00fczerindedir. \u00dcr\u00fcn 2. eldir. Kargo \u00fccreti al\u0131c\u0131ya aittir.<\/p>\n","protected":false},"featured_media":1439,"template":"","meta":[],"product_cat":[26],"product_tag":[1347,1342,1341,1346],"_links":{"self":[{"href":"http:\/\/www.sislibilgisayarci.com\/index.php?rest_route=\/wp\/v2\/product\/1436"}],"collection":[{"href":"http:\/\/www.sislibilgisayarci.com\/index.php?rest_route=\/wp\/v2\/product"}],"about":[{"href":"http:\/\/www.sislibilgisayarci.com\/index.php?rest_route=\/wp\/v2\/types\/product"}],"wp:featuredmedia":[{"embeddable":true,"href":"http:\/\/www.sislibilgisayarci.com\/index.php?rest_route=\/wp\/v2\/media\/1439"}],"wp:attachment":[{"href":"http:\/\/www.sislibilgisayarci.com\/index.php?rest_route=%2Fwp%2Fv2%2Fmedia&parent=1436"}],"wp:term":[{"taxonomy":"product_cat","embeddable":true,"href":"http:\/\/www.sislibilgisayarci.com\/index.php?rest_route=%2Fwp%2Fv2%2Fproduct_cat&post=1436"},{"taxonomy":"product_tag","embeddable":true,"href":"http:\/\/www.sislibilgisayarci.com\/index.php?rest_route=%2Fwp%2Fv2%2Fproduct_tag&post=1436"}],"curies":[{"name":"wp","href":"https:\/\/api.w.org\/{rel}","templated":true}]}}