{"id":1540,"date":"2018-07-19T07:37:08","date_gmt":"2018-07-19T07:37:08","guid":{"rendered":"https:\/\/www.sislibilgisayarci.com\/?post_type=product&#038;p=1540"},"modified":"2024-04-06T09:13:45","modified_gmt":"2024-04-06T09:13:45","slug":"asus-n550jasus-n550jvn550jv-srn550jv-slmentesehinges","status":"publish","type":"product","link":"http:\/\/www.sislibilgisayarci.com\/?product=asus-n550jasus-n550jvn550jv-srn550jv-slmentesehinges","title":{"rendered":"ASUS N550J,ASUS N550JV,N550JV-SR,N550JV-SL,MENTE\u015eE,HINGES"},"content":{"rendered":"<p>Asus N550-JV Sa\u011f ve Sol Mente\u015fe Orjinal<\/p>\n<p>\u0130kinci el \u00fcr\u00fcnd\u00fcr.<\/p>\n<p>Kargo \u00fccreti al\u0131c\u0131ya aittir.<\/p>\n","protected":false},"excerpt":{"rendered":"<p>Asus N550-JV Sa\u011f ve Sol Mente\u015fe Orjinal \u0130kinci el \u00fcr\u00fcnd\u00fcr. Kargo \u00fccreti al\u0131c\u0131ya aittir.<\/p>\n","protected":false},"featured_media":1541,"template":"","meta":[],"product_cat":[43],"product_tag":[1426,1427,1430,44,1429,1428],"_links":{"self":[{"href":"http:\/\/www.sislibilgisayarci.com\/index.php?rest_route=\/wp\/v2\/product\/1540"}],"collection":[{"href":"http:\/\/www.sislibilgisayarci.com\/index.php?rest_route=\/wp\/v2\/product"}],"about":[{"href":"http:\/\/www.sislibilgisayarci.com\/index.php?rest_route=\/wp\/v2\/types\/product"}],"wp:featuredmedia":[{"embeddable":true,"href":"http:\/\/www.sislibilgisayarci.com\/index.php?rest_route=\/wp\/v2\/media\/1541"}],"wp:attachment":[{"href":"http:\/\/www.sislibilgisayarci.com\/index.php?rest_route=%2Fwp%2Fv2%2Fmedia&parent=1540"}],"wp:term":[{"taxonomy":"product_cat","embeddable":true,"href":"http:\/\/www.sislibilgisayarci.com\/index.php?rest_route=%2Fwp%2Fv2%2Fproduct_cat&post=1540"},{"taxonomy":"product_tag","embeddable":true,"href":"http:\/\/www.sislibilgisayarci.com\/index.php?rest_route=%2Fwp%2Fv2%2Fproduct_tag&post=1540"}],"curies":[{"name":"wp","href":"https:\/\/api.w.org\/{rel}","templated":true}]}}