{"id":1623,"date":"2018-12-08T15:34:08","date_gmt":"2018-12-08T15:34:08","guid":{"rendered":"https:\/\/www.sislibilgisayarci.com\/?post_type=product&#038;p=1623"},"modified":"2024-04-06T09:13:44","modified_gmt":"2024-04-06T09:13:44","slug":"lenovo-z480-z580-z485-z585-36lz2tmlvb0-sogutucu-fan-heatsink","status":"publish","type":"product","link":"http:\/\/www.sislibilgisayarci.com\/?product=lenovo-z480-z580-z485-z585-36lz2tmlvb0-sogutucu-fan-heatsink","title":{"rendered":"LENOVO Z480 Z580 Z485 Z585 36LZ2TMLVB0 FAN Kipo054837l1s"},"content":{"rendered":"<p><span style=\"font-size: large;\">\u00dcR\u00dcN \u00d6ZELL\u0130KLER\u0130:<\/span><\/p>\n<ul>\n<li><span style=\"color: #696969; font-family: verdana, sans-serif; font-size: medium;\">LENOVO Z480<\/span><\/li>\n<li><span style=\"color: #696969; font-family: verdana, sans-serif; font-size: medium;\">LENOVO Z580<br \/>\n<\/span><\/li>\n<li><span style=\"color: #696969; font-family: verdana, sans-serif; font-size: medium;\">LENOVO Z485<br \/>\n<\/span><\/li>\n<li><span style=\"color: #696969; font-family: verdana, sans-serif; font-size: medium;\">LENOVO Z585<br \/>\n<\/span><\/li>\n<li>Kodu :\u00a036LZ2TMLVB0<\/li>\n<\/ul>\n<p>\u00dcr\u00fcn ikinci eldir.<\/p>\n<p>Kargo \u00fccreti m\u00fc\u015fteriye aittir.<\/p>\n<p>Sadece fan g\u00f6nderilecektir.<\/p>\n<p>Kipo054837l1s<\/p>\n<p>falz200epa<\/p>\n<p>dc 5v 0,4a<\/p>\n<p>4 pin<\/p>\n","protected":false},"excerpt":{"rendered":"<p>\u00dcR\u00dcN \u00d6ZELL\u0130KLER\u0130: LENOVO Z480 LENOVO Z580 LENOVO Z485 LENOVO Z585 Kodu :\u00a036LZ2TMLVB0 \u00dcr\u00fcn ikinci eldir. Kargo \u00fccreti m\u00fc\u015fteriye aittir. Sadece fan g\u00f6nderilecektir. Kipo054837l1s falz200epa dc 5v 0,4a 4 pin<\/p>\n","protected":false},"featured_media":1624,"template":"","meta":[],"product_cat":[30],"product_tag":[1472,35,413,70,417,1468,1470,1469,1471],"_links":{"self":[{"href":"http:\/\/www.sislibilgisayarci.com\/index.php?rest_route=\/wp\/v2\/product\/1623"}],"collection":[{"href":"http:\/\/www.sislibilgisayarci.com\/index.php?rest_route=\/wp\/v2\/product"}],"about":[{"href":"http:\/\/www.sislibilgisayarci.com\/index.php?rest_route=\/wp\/v2\/types\/product"}],"wp:featuredmedia":[{"embeddable":true,"href":"http:\/\/www.sislibilgisayarci.com\/index.php?rest_route=\/wp\/v2\/media\/1624"}],"wp:attachment":[{"href":"http:\/\/www.sislibilgisayarci.com\/index.php?rest_route=%2Fwp%2Fv2%2Fmedia&parent=1623"}],"wp:term":[{"taxonomy":"product_cat","embeddable":true,"href":"http:\/\/www.sislibilgisayarci.com\/index.php?rest_route=%2Fwp%2Fv2%2Fproduct_cat&post=1623"},{"taxonomy":"product_tag","embeddable":true,"href":"http:\/\/www.sislibilgisayarci.com\/index.php?rest_route=%2Fwp%2Fv2%2Fproduct_tag&post=1623"}],"curies":[{"name":"wp","href":"https:\/\/api.w.org\/{rel}","templated":true}]}}