{"id":1671,"date":"2019-01-04T15:32:59","date_gmt":"2019-01-04T15:32:59","guid":{"rendered":"https:\/\/www.sislibilgisayarci.com\/?post_type=product&#038;p=1671"},"modified":"2024-04-06T09:13:43","modified_gmt":"2024-04-06T09:13:43","slug":"samsung-np-sf511-s05tr-cooler-islemci-fani-ksb06105ha-dc05v-040a","status":"publish","type":"product","link":"http:\/\/www.sislibilgisayarci.com\/?product=samsung-np-sf511-s05tr-cooler-islemci-fani-ksb06105ha-dc05v-040a","title":{"rendered":"Samsung NP-SF511-S05TR Cooler \u0130\u015flemci Fan\u0131 KSB06105HA DC05V 0,40A ba62-00534a"},"content":{"rendered":"<p>\u00dcr\u00fcn ikinci eldir.<\/p>\n<p>Kargo \u00fccreti m\u00fc\u015fteriye aittir.<\/p>\n<p>G\u00f6rsel temsilidir.<\/p>\n<p>Sadece fan g\u00f6nderilecektir.<\/p>\n<p>&nbsp;<\/p>\n","protected":false},"excerpt":{"rendered":"<p>\u00dcr\u00fcn ikinci eldir. Kargo \u00fccreti m\u00fc\u015fteriye aittir. G\u00f6rsel temsilidir. Sadece fan g\u00f6nderilecektir. &nbsp;<\/p>\n","protected":false},"featured_media":1672,"template":"","meta":[],"product_cat":[30],"product_tag":[1499,1500,1498],"_links":{"self":[{"href":"http:\/\/www.sislibilgisayarci.com\/index.php?rest_route=\/wp\/v2\/product\/1671"}],"collection":[{"href":"http:\/\/www.sislibilgisayarci.com\/index.php?rest_route=\/wp\/v2\/product"}],"about":[{"href":"http:\/\/www.sislibilgisayarci.com\/index.php?rest_route=\/wp\/v2\/types\/product"}],"wp:featuredmedia":[{"embeddable":true,"href":"http:\/\/www.sislibilgisayarci.com\/index.php?rest_route=\/wp\/v2\/media\/1672"}],"wp:attachment":[{"href":"http:\/\/www.sislibilgisayarci.com\/index.php?rest_route=%2Fwp%2Fv2%2Fmedia&parent=1671"}],"wp:term":[{"taxonomy":"product_cat","embeddable":true,"href":"http:\/\/www.sislibilgisayarci.com\/index.php?rest_route=%2Fwp%2Fv2%2Fproduct_cat&post=1671"},{"taxonomy":"product_tag","embeddable":true,"href":"http:\/\/www.sislibilgisayarci.com\/index.php?rest_route=%2Fwp%2Fv2%2Fproduct_tag&post=1671"}],"curies":[{"name":"wp","href":"https:\/\/api.w.org\/{rel}","templated":true}]}}