{"id":1941,"date":"2019-10-12T10:29:35","date_gmt":"2019-10-12T10:29:35","guid":{"rendered":"https:\/\/www.sislibilgisayarci.com\/?post_type=product&#038;p=1941"},"modified":"2024-04-06T09:13:37","modified_gmt":"2024-04-06T09:13:37","slug":"hp-g61-cq56-laptop-speaker-set-3kaxltp003","status":"publish","type":"product","link":"http:\/\/www.sislibilgisayarci.com\/?product=hp-g61-cq56-laptop-speaker-set-3kaxltp003","title":{"rendered":"HP G61 CQ56 Laptop Speaker Set- 3KAXLTP003"},"content":{"rendered":"<p>\u0130\u015fleyi\u015finde bir sorun yoktur.<\/p>\n<p>\u00dcr\u00fcn ikinci eldir.<\/p>\n<p>Resim temsilidir.<\/p>\n<p>Kargo \u00fccreti al\u0131c\u0131ya aittir.<\/p>\n","protected":false},"excerpt":{"rendered":"<p>\u0130\u015fleyi\u015finde bir sorun yoktur. \u00dcr\u00fcn ikinci eldir. Resim temsilidir. Kargo \u00fccreti al\u0131c\u0131ya aittir.<\/p>\n","protected":false},"featured_media":1943,"template":"","meta":[],"product_cat":[56,380],"product_tag":[1597],"_links":{"self":[{"href":"http:\/\/www.sislibilgisayarci.com\/index.php?rest_route=\/wp\/v2\/product\/1941"}],"collection":[{"href":"http:\/\/www.sislibilgisayarci.com\/index.php?rest_route=\/wp\/v2\/product"}],"about":[{"href":"http:\/\/www.sislibilgisayarci.com\/index.php?rest_route=\/wp\/v2\/types\/product"}],"wp:featuredmedia":[{"embeddable":true,"href":"http:\/\/www.sislibilgisayarci.com\/index.php?rest_route=\/wp\/v2\/media\/1943"}],"wp:attachment":[{"href":"http:\/\/www.sislibilgisayarci.com\/index.php?rest_route=%2Fwp%2Fv2%2Fmedia&parent=1941"}],"wp:term":[{"taxonomy":"product_cat","embeddable":true,"href":"http:\/\/www.sislibilgisayarci.com\/index.php?rest_route=%2Fwp%2Fv2%2Fproduct_cat&post=1941"},{"taxonomy":"product_tag","embeddable":true,"href":"http:\/\/www.sislibilgisayarci.com\/index.php?rest_route=%2Fwp%2Fv2%2Fproduct_tag&post=1941"}],"curies":[{"name":"wp","href":"https:\/\/api.w.org\/{rel}","templated":true}]}}