{"id":2001,"date":"2019-10-14T09:43:20","date_gmt":"2019-10-14T09:43:20","guid":{"rendered":"https:\/\/www.sislibilgisayarci.com\/?post_type=product&#038;p=2001"},"modified":"2024-04-06T09:13:36","modified_gmt":"2024-04-06T09:13:36","slug":"toshiba-satellite-pro-r850-13q-led-panel-ekran-orjinal","status":"publish","type":"product","link":"http:\/\/www.sislibilgisayarci.com\/?product=toshiba-satellite-pro-r850-13q-led-panel-ekran-orjinal","title":{"rendered":"TOSHIBA SATELLITE PRO R850-13Q Led Panel Ekran Orjinal LTN156AT19-T01"},"content":{"rendered":"<p>\u0130\u015fleyi\u015finde bir sorun yoktur.<\/p>\n<p>\u00dcr\u00fcn ikinci eldir.<\/p>\n<p>Resim temsilidir.<\/p>\n<p>Kargo \u00fccreti al\u0131c\u0131ya aittir.<\/p>\n","protected":false},"excerpt":{"rendered":"<p>\u0130\u015fleyi\u015finde bir sorun yoktur. \u00dcr\u00fcn ikinci eldir. Resim temsilidir. Kargo \u00fccreti al\u0131c\u0131ya aittir.<\/p>\n","protected":false},"featured_media":2002,"template":"","meta":[],"product_cat":[374],"product_tag":[1618],"_links":{"self":[{"href":"http:\/\/www.sislibilgisayarci.com\/index.php?rest_route=\/wp\/v2\/product\/2001"}],"collection":[{"href":"http:\/\/www.sislibilgisayarci.com\/index.php?rest_route=\/wp\/v2\/product"}],"about":[{"href":"http:\/\/www.sislibilgisayarci.com\/index.php?rest_route=\/wp\/v2\/types\/product"}],"wp:featuredmedia":[{"embeddable":true,"href":"http:\/\/www.sislibilgisayarci.com\/index.php?rest_route=\/wp\/v2\/media\/2002"}],"wp:attachment":[{"href":"http:\/\/www.sislibilgisayarci.com\/index.php?rest_route=%2Fwp%2Fv2%2Fmedia&parent=2001"}],"wp:term":[{"taxonomy":"product_cat","embeddable":true,"href":"http:\/\/www.sislibilgisayarci.com\/index.php?rest_route=%2Fwp%2Fv2%2Fproduct_cat&post=2001"},{"taxonomy":"product_tag","embeddable":true,"href":"http:\/\/www.sislibilgisayarci.com\/index.php?rest_route=%2Fwp%2Fv2%2Fproduct_tag&post=2001"}],"curies":[{"name":"wp","href":"https:\/\/api.w.org\/{rel}","templated":true}]}}