{"id":2193,"date":"2020-06-16T09:49:37","date_gmt":"2020-06-16T09:49:37","guid":{"rendered":"https:\/\/www.sislibilgisayarci.com\/?post_type=product&#038;p=2193"},"modified":"2024-04-06T09:13:33","modified_gmt":"2024-04-06T09:13:33","slug":"hp-15-ab214nt-laptop-dax14apb6do-power-button-acma-kapama-dugmesi","status":"publish","type":"product","link":"http:\/\/www.sislibilgisayarci.com\/?product=hp-15-ab214nt-laptop-dax14apb6do-power-button-acma-kapama-dugmesi","title":{"rendered":"HP 15-AB214NT LAPTOP DAX14APB6DO POWER BUTTON &#8211; A\u00c7MA KAPAMA D\u00dc\u011eMES\u0130"},"content":{"rendered":"<p>\u00dcr\u00fcn 2. eldir.<\/p>\n<p>Foto\u011fraf temsilidir.<\/p>\n<p>Kargo \u00fccreti al\u0131c\u0131ya aittir.<\/p>\n","protected":false},"excerpt":{"rendered":"<p>\u00dcr\u00fcn 2. eldir. Foto\u011fraf temsilidir. Kargo \u00fccreti al\u0131c\u0131ya aittir.<\/p>\n","protected":false},"featured_media":2194,"template":"","meta":[],"product_cat":[36],"product_tag":[1666,1667],"_links":{"self":[{"href":"http:\/\/www.sislibilgisayarci.com\/index.php?rest_route=\/wp\/v2\/product\/2193"}],"collection":[{"href":"http:\/\/www.sislibilgisayarci.com\/index.php?rest_route=\/wp\/v2\/product"}],"about":[{"href":"http:\/\/www.sislibilgisayarci.com\/index.php?rest_route=\/wp\/v2\/types\/product"}],"wp:featuredmedia":[{"embeddable":true,"href":"http:\/\/www.sislibilgisayarci.com\/index.php?rest_route=\/wp\/v2\/media\/2194"}],"wp:attachment":[{"href":"http:\/\/www.sislibilgisayarci.com\/index.php?rest_route=%2Fwp%2Fv2%2Fmedia&parent=2193"}],"wp:term":[{"taxonomy":"product_cat","embeddable":true,"href":"http:\/\/www.sislibilgisayarci.com\/index.php?rest_route=%2Fwp%2Fv2%2Fproduct_cat&post=2193"},{"taxonomy":"product_tag","embeddable":true,"href":"http:\/\/www.sislibilgisayarci.com\/index.php?rest_route=%2Fwp%2Fv2%2Fproduct_tag&post=2193"}],"curies":[{"name":"wp","href":"https:\/\/api.w.org\/{rel}","templated":true}]}}