{"id":240,"date":"2017-01-14T13:58:47","date_gmt":"2017-01-14T13:58:47","guid":{"rendered":"https:\/\/www.sislibilgisayarci.com\/?product=pcb-controller-hitachi-220-oa90002"},"modified":"2024-04-06T09:14:54","modified_gmt":"2024-04-06T09:14:54","slug":"pcb-controller-hitachi-220-oa90002","status":"publish","type":"product","link":"http:\/\/www.sislibilgisayarci.com\/?product=pcb-controller-hitachi-220-oa90002","title":{"rendered":"PCB Controller Hitachi 220 OA90002"},"content":{"rendered":"<p>\u00dcr\u00fcn ikinci eldir.<br \/>\nKargo \u00fccreti m\u00fc\u015fteriye aittir.<\/p>\n<p>&nbsp;<\/p>\n","protected":false},"excerpt":{"rendered":"<p>\u00dcr\u00fcn ikinci eldir. Kargo \u00fccreti m\u00fc\u015fteriye aittir. &nbsp;<\/p>\n","protected":false},"featured_media":241,"template":"","meta":[],"product_cat":[36],"product_tag":[137,138,132],"_links":{"self":[{"href":"http:\/\/www.sislibilgisayarci.com\/index.php?rest_route=\/wp\/v2\/product\/240"}],"collection":[{"href":"http:\/\/www.sislibilgisayarci.com\/index.php?rest_route=\/wp\/v2\/product"}],"about":[{"href":"http:\/\/www.sislibilgisayarci.com\/index.php?rest_route=\/wp\/v2\/types\/product"}],"wp:featuredmedia":[{"embeddable":true,"href":"http:\/\/www.sislibilgisayarci.com\/index.php?rest_route=\/wp\/v2\/media\/241"}],"wp:attachment":[{"href":"http:\/\/www.sislibilgisayarci.com\/index.php?rest_route=%2Fwp%2Fv2%2Fmedia&parent=240"}],"wp:term":[{"taxonomy":"product_cat","embeddable":true,"href":"http:\/\/www.sislibilgisayarci.com\/index.php?rest_route=%2Fwp%2Fv2%2Fproduct_cat&post=240"},{"taxonomy":"product_tag","embeddable":true,"href":"http:\/\/www.sislibilgisayarci.com\/index.php?rest_route=%2Fwp%2Fv2%2Fproduct_tag&post=240"}],"curies":[{"name":"wp","href":"https:\/\/api.w.org\/{rel}","templated":true}]}}