{"id":2480,"date":"2020-11-19T11:24:53","date_gmt":"2020-11-19T11:24:53","guid":{"rendered":"https:\/\/www.sislibilgisayarci.com\/?post_type=product&#038;p=2480"},"modified":"2024-04-06T09:13:28","modified_gmt":"2024-04-06T09:13:28","slug":"asus-x550vl-x550cl-inpaq-v0-wireless-anten-ve-kablosu","status":"publish","type":"product","link":"http:\/\/www.sislibilgisayarci.com\/?product=asus-x550vl-x550cl-inpaq-v0-wireless-anten-ve-kablosu","title":{"rendered":"Asus X550VL\/X550CL INPAQ (V0) Wireless Anten ve Kablosu"},"content":{"rendered":"<p>\u0130kinci el \u00fcr\u00fcnd\u00fcr.<\/p>\n<p>G\u00f6rsel temsilidir.<\/p>\n<p>Kargo \u00fccreti m\u00fc\u015fteriye aittir.<\/p>\n","protected":false},"excerpt":{"rendered":"<p>\u0130kinci el \u00fcr\u00fcnd\u00fcr. G\u00f6rsel temsilidir. Kargo \u00fccreti m\u00fc\u015fteriye aittir.<\/p>\n","protected":false},"featured_media":2481,"template":"","meta":[],"product_cat":[36],"product_tag":[1742],"_links":{"self":[{"href":"http:\/\/www.sislibilgisayarci.com\/index.php?rest_route=\/wp\/v2\/product\/2480"}],"collection":[{"href":"http:\/\/www.sislibilgisayarci.com\/index.php?rest_route=\/wp\/v2\/product"}],"about":[{"href":"http:\/\/www.sislibilgisayarci.com\/index.php?rest_route=\/wp\/v2\/types\/product"}],"wp:featuredmedia":[{"embeddable":true,"href":"http:\/\/www.sislibilgisayarci.com\/index.php?rest_route=\/wp\/v2\/media\/2481"}],"wp:attachment":[{"href":"http:\/\/www.sislibilgisayarci.com\/index.php?rest_route=%2Fwp%2Fv2%2Fmedia&parent=2480"}],"wp:term":[{"taxonomy":"product_cat","embeddable":true,"href":"http:\/\/www.sislibilgisayarci.com\/index.php?rest_route=%2Fwp%2Fv2%2Fproduct_cat&post=2480"},{"taxonomy":"product_tag","embeddable":true,"href":"http:\/\/www.sislibilgisayarci.com\/index.php?rest_route=%2Fwp%2Fv2%2Fproduct_tag&post=2480"}],"curies":[{"name":"wp","href":"https:\/\/api.w.org\/{rel}","templated":true}]}}