{"id":2525,"date":"2020-11-20T13:42:30","date_gmt":"2020-11-20T13:42:30","guid":{"rendered":"https:\/\/www.sislibilgisayarci.com\/?post_type=product&#038;p=2525"},"modified":"2024-04-06T09:13:27","modified_gmt":"2024-04-06T09:13:27","slug":"casper-mb55ii1-dvd-baglanti-karti-15bfm2-051001","status":"publish","type":"product","link":"http:\/\/www.sislibilgisayarci.com\/?product=casper-mb55ii1-dvd-baglanti-karti-15bfm2-051001","title":{"rendered":"Casper Mb55II1 Dvd Ba\u011flant\u0131 kart\u0131 15bfm2-051001"},"content":{"rendered":"<p>\u0130kinci el \u00fcr\u00fcnd\u00fcr.<\/p>\n<p>G\u00f6rsel temsilidir.<\/p>\n<p>Kargo \u00fccreti m\u00fc\u015fteriye aittir.<\/p>\n","protected":false},"excerpt":{"rendered":"<p>\u0130kinci el \u00fcr\u00fcnd\u00fcr. G\u00f6rsel temsilidir. Kargo \u00fccreti m\u00fc\u015fteriye aittir.<\/p>\n","protected":false},"featured_media":2526,"template":"","meta":[],"product_cat":[36],"product_tag":[1764],"_links":{"self":[{"href":"http:\/\/www.sislibilgisayarci.com\/index.php?rest_route=\/wp\/v2\/product\/2525"}],"collection":[{"href":"http:\/\/www.sislibilgisayarci.com\/index.php?rest_route=\/wp\/v2\/product"}],"about":[{"href":"http:\/\/www.sislibilgisayarci.com\/index.php?rest_route=\/wp\/v2\/types\/product"}],"wp:featuredmedia":[{"embeddable":true,"href":"http:\/\/www.sislibilgisayarci.com\/index.php?rest_route=\/wp\/v2\/media\/2526"}],"wp:attachment":[{"href":"http:\/\/www.sislibilgisayarci.com\/index.php?rest_route=%2Fwp%2Fv2%2Fmedia&parent=2525"}],"wp:term":[{"taxonomy":"product_cat","embeddable":true,"href":"http:\/\/www.sislibilgisayarci.com\/index.php?rest_route=%2Fwp%2Fv2%2Fproduct_cat&post=2525"},{"taxonomy":"product_tag","embeddable":true,"href":"http:\/\/www.sislibilgisayarci.com\/index.php?rest_route=%2Fwp%2Fv2%2Fproduct_tag&post=2525"}],"curies":[{"name":"wp","href":"https:\/\/api.w.org\/{rel}","templated":true}]}}