{"id":2527,"date":"2020-11-20T13:45:23","date_gmt":"2020-11-20T13:45:23","guid":{"rendered":"https:\/\/www.sislibilgisayarci.com\/?post_type=product&#038;p=2527"},"modified":"2024-04-06T09:13:26","modified_gmt":"2024-04-06T09:13:26","slug":"casper-mb55ii1-mb55-mb50-batarya-soketi-81b605-fm2b03","status":"publish","type":"product","link":"http:\/\/www.sislibilgisayarci.com\/?product=casper-mb55ii1-mb55-mb50-batarya-soketi-81b605-fm2b03","title":{"rendered":"Casper Mb55II1 MB55 MB50 Batarya Soketi 81B605-FM2B03"},"content":{"rendered":"<p>\u0130kinci el \u00fcr\u00fcnd\u00fcr.<\/p>\n<p>G\u00f6rsel temsilidir.<\/p>\n<p>Kargo \u00fccreti m\u00fc\u015fteriye aittir.<\/p>\n","protected":false},"excerpt":{"rendered":"<p>\u0130kinci el \u00fcr\u00fcnd\u00fcr. G\u00f6rsel temsilidir. Kargo \u00fccreti m\u00fc\u015fteriye aittir.<\/p>\n","protected":false},"featured_media":2530,"template":"","meta":[],"product_cat":[36],"product_tag":[1765],"_links":{"self":[{"href":"http:\/\/www.sislibilgisayarci.com\/index.php?rest_route=\/wp\/v2\/product\/2527"}],"collection":[{"href":"http:\/\/www.sislibilgisayarci.com\/index.php?rest_route=\/wp\/v2\/product"}],"about":[{"href":"http:\/\/www.sislibilgisayarci.com\/index.php?rest_route=\/wp\/v2\/types\/product"}],"wp:featuredmedia":[{"embeddable":true,"href":"http:\/\/www.sislibilgisayarci.com\/index.php?rest_route=\/wp\/v2\/media\/2530"}],"wp:attachment":[{"href":"http:\/\/www.sislibilgisayarci.com\/index.php?rest_route=%2Fwp%2Fv2%2Fmedia&parent=2527"}],"wp:term":[{"taxonomy":"product_cat","embeddable":true,"href":"http:\/\/www.sislibilgisayarci.com\/index.php?rest_route=%2Fwp%2Fv2%2Fproduct_cat&post=2527"},{"taxonomy":"product_tag","embeddable":true,"href":"http:\/\/www.sislibilgisayarci.com\/index.php?rest_route=%2Fwp%2Fv2%2Fproduct_tag&post=2527"}],"curies":[{"name":"wp","href":"https:\/\/api.w.org\/{rel}","templated":true}]}}