{"id":2556,"date":"2020-11-23T12:59:45","date_gmt":"2020-11-23T12:59:45","guid":{"rendered":"https:\/\/www.sislibilgisayarci.com\/?post_type=product&#038;p=2556"},"modified":"2024-04-06T09:13:26","modified_gmt":"2024-04-06T09:13:26","slug":"hp-probook-4530s-ramones-6050a2465501-mb-a02-670795-001-arizali","status":"publish","type":"product","link":"http:\/\/www.sislibilgisayarci.com\/?product=hp-probook-4530s-ramones-6050a2465501-mb-a02-670795-001-arizali","title":{"rendered":"HP Probook 4530s Ramones 6050A2465501-MB-A02 670795-001 ARIZALI!!"},"content":{"rendered":"<p>M\u00fcdahale g\u00f6rmedi.<\/p>\n<p>\u00dcr\u00fcn ikinci eldir.<\/p>\n<p>Kargo \u00fccreti m\u00fc\u015fteriye aittir.<\/p>\n<p>G\u00f6rsel kendidir.<\/p>\n","protected":false},"excerpt":{"rendered":"<p>M\u00fcdahale g\u00f6rmedi. \u00dcr\u00fcn ikinci eldir. Kargo \u00fccreti m\u00fc\u015fteriye aittir. G\u00f6rsel kendidir.<\/p>\n","protected":false},"featured_media":2559,"template":"","meta":[],"product_cat":[36],"product_tag":[],"_links":{"self":[{"href":"http:\/\/www.sislibilgisayarci.com\/index.php?rest_route=\/wp\/v2\/product\/2556"}],"collection":[{"href":"http:\/\/www.sislibilgisayarci.com\/index.php?rest_route=\/wp\/v2\/product"}],"about":[{"href":"http:\/\/www.sislibilgisayarci.com\/index.php?rest_route=\/wp\/v2\/types\/product"}],"wp:featuredmedia":[{"embeddable":true,"href":"http:\/\/www.sislibilgisayarci.com\/index.php?rest_route=\/wp\/v2\/media\/2559"}],"wp:attachment":[{"href":"http:\/\/www.sislibilgisayarci.com\/index.php?rest_route=%2Fwp%2Fv2%2Fmedia&parent=2556"}],"wp:term":[{"taxonomy":"product_cat","embeddable":true,"href":"http:\/\/www.sislibilgisayarci.com\/index.php?rest_route=%2Fwp%2Fv2%2Fproduct_cat&post=2556"},{"taxonomy":"product_tag","embeddable":true,"href":"http:\/\/www.sislibilgisayarci.com\/index.php?rest_route=%2Fwp%2Fv2%2Fproduct_tag&post=2556"}],"curies":[{"name":"wp","href":"https:\/\/api.w.org\/{rel}","templated":true}]}}