{"id":2572,"date":"2020-11-23T15:26:57","date_gmt":"2020-11-23T15:26:57","guid":{"rendered":"https:\/\/www.sislibilgisayarci.com\/?post_type=product&#038;p=2572"},"modified":"2024-04-06T09:13:24","modified_gmt":"2024-04-06T09:13:24","slug":"hp-probook-4530s-4530-hwifi-switch-button-6050a2410501","status":"publish","type":"product","link":"http:\/\/www.sislibilgisayarci.com\/?product=hp-probook-4530s-4530-hwifi-switch-button-6050a2410501","title":{"rendered":"HP PROBOOK 4530S 4530 HW\u0130F\u0130 SWITCH BUTTON 6050A2410501"},"content":{"rendered":"<p>\u00dcr\u00fcn ikinci eldir.<\/p>\n<p>Kargo \u00fccreti m\u00fc\u015fteriye aittir.<\/p>\n<p>G\u00f6rsel kendidir.<\/p>\n","protected":false},"excerpt":{"rendered":"<p>\u00dcr\u00fcn ikinci eldir. Kargo \u00fccreti m\u00fc\u015fteriye aittir. G\u00f6rsel kendidir.<\/p>\n","protected":false},"featured_media":2573,"template":"","meta":[],"product_cat":[36],"product_tag":[1786],"_links":{"self":[{"href":"http:\/\/www.sislibilgisayarci.com\/index.php?rest_route=\/wp\/v2\/product\/2572"}],"collection":[{"href":"http:\/\/www.sislibilgisayarci.com\/index.php?rest_route=\/wp\/v2\/product"}],"about":[{"href":"http:\/\/www.sislibilgisayarci.com\/index.php?rest_route=\/wp\/v2\/types\/product"}],"wp:featuredmedia":[{"embeddable":true,"href":"http:\/\/www.sislibilgisayarci.com\/index.php?rest_route=\/wp\/v2\/media\/2573"}],"wp:attachment":[{"href":"http:\/\/www.sislibilgisayarci.com\/index.php?rest_route=%2Fwp%2Fv2%2Fmedia&parent=2572"}],"wp:term":[{"taxonomy":"product_cat","embeddable":true,"href":"http:\/\/www.sislibilgisayarci.com\/index.php?rest_route=%2Fwp%2Fv2%2Fproduct_cat&post=2572"},{"taxonomy":"product_tag","embeddable":true,"href":"http:\/\/www.sislibilgisayarci.com\/index.php?rest_route=%2Fwp%2Fv2%2Fproduct_tag&post=2572"}],"curies":[{"name":"wp","href":"https:\/\/api.w.org\/{rel}","templated":true}]}}