{"id":267,"date":"2017-01-16T09:03:24","date_gmt":"2017-01-16T09:03:24","guid":{"rendered":"https:\/\/www.sislibilgisayarci.com\/?product=ca26350-b10304ba-pcb-laptop-harddisk-karti"},"modified":"2024-04-06T09:14:53","modified_gmt":"2024-04-06T09:14:53","slug":"ca26350-b10304ba-pcb-laptop-harddisk-karti","status":"publish","type":"product","link":"http:\/\/www.sislibilgisayarci.com\/?product=ca26350-b10304ba-pcb-laptop-harddisk-karti","title":{"rendered":"CA26350-B10304BA PCB Laptop Harddisk Kart\u0131"},"content":{"rendered":"<p>\u00dcr\u00fcn ikinci eldir.<\/p>\n<p>Kargo m\u00fc\u015fteriye aittir.<\/p>\n<h4 title=\"Fujitsu CA26338-B711104BA PCB from MHV2040BH , CA21338-B72X, ref 0270\">FUJITSU 500GB MJA2500BH P\/N CA07083-B469000T 2.5\u201d SATA PCB CA26350-B10304BA<\/h4>\n<h4 title=\"Fujitsu CA26338-B711104BA PCB from MHV2040BH , CA21338-B72X, ref 0270\">320GB MJA2320BH P\/N CA07083-B52600C1 2.5\u201d SATA PCB CA26350-B10304BA<\/h4>\n<p>&nbsp;<\/p>\n","protected":false},"excerpt":{"rendered":"<p>\u00dcr\u00fcn ikinci eldir. Kargo m\u00fc\u015fteriye aittir. FUJITSU 500GB MJA2500BH P\/N CA07083-B469000T 2.5\u201d SATA PCB CA26350-B10304BA 320GB MJA2320BH P\/N CA07083-B52600C1 2.5\u201d SATA PCB CA26350-B10304BA &nbsp;<\/p>\n","protected":false},"featured_media":249,"template":"","meta":[],"product_cat":[36],"product_tag":[152,149,153,148,119,118,150,151,121],"_links":{"self":[{"href":"http:\/\/www.sislibilgisayarci.com\/index.php?rest_route=\/wp\/v2\/product\/267"}],"collection":[{"href":"http:\/\/www.sislibilgisayarci.com\/index.php?rest_route=\/wp\/v2\/product"}],"about":[{"href":"http:\/\/www.sislibilgisayarci.com\/index.php?rest_route=\/wp\/v2\/types\/product"}],"wp:featuredmedia":[{"embeddable":true,"href":"http:\/\/www.sislibilgisayarci.com\/index.php?rest_route=\/wp\/v2\/media\/249"}],"wp:attachment":[{"href":"http:\/\/www.sislibilgisayarci.com\/index.php?rest_route=%2Fwp%2Fv2%2Fmedia&parent=267"}],"wp:term":[{"taxonomy":"product_cat","embeddable":true,"href":"http:\/\/www.sislibilgisayarci.com\/index.php?rest_route=%2Fwp%2Fv2%2Fproduct_cat&post=267"},{"taxonomy":"product_tag","embeddable":true,"href":"http:\/\/www.sislibilgisayarci.com\/index.php?rest_route=%2Fwp%2Fv2%2Fproduct_tag&post=267"}],"curies":[{"name":"wp","href":"https:\/\/api.w.org\/{rel}","templated":true}]}}