{"id":2677,"date":"2020-12-23T15:58:32","date_gmt":"2020-12-23T15:58:32","guid":{"rendered":"https:\/\/www.sislibilgisayarci.com\/?post_type=product&#038;p=2677"},"modified":"2024-04-06T09:13:22","modified_gmt":"2024-04-06T09:13:22","slug":"lg-x130-x13-netbook-webcam-kamera-19n83m6sa80","status":"publish","type":"product","link":"http:\/\/www.sislibilgisayarci.com\/?product=lg-x130-x13-netbook-webcam-kamera-19n83m6sa80","title":{"rendered":"LG X130 X13 Netbook Webcam Kamera 19N83M6SA80"},"content":{"rendered":"<p>Resimler temsilidir.<\/p>\n<p>\u00dcr\u00fcn ikinci eldir.<\/p>\n<p>Kargo \u00fccreti m\u00fc\u015fteriye aittir.<\/p>\n","protected":false},"excerpt":{"rendered":"<p>Resimler temsilidir. \u00dcr\u00fcn ikinci eldir. Kargo \u00fccreti m\u00fc\u015fteriye aittir.<\/p>\n","protected":false},"featured_media":2678,"template":"","meta":[],"product_cat":[397],"product_tag":[1808,1809],"_links":{"self":[{"href":"http:\/\/www.sislibilgisayarci.com\/index.php?rest_route=\/wp\/v2\/product\/2677"}],"collection":[{"href":"http:\/\/www.sislibilgisayarci.com\/index.php?rest_route=\/wp\/v2\/product"}],"about":[{"href":"http:\/\/www.sislibilgisayarci.com\/index.php?rest_route=\/wp\/v2\/types\/product"}],"wp:featuredmedia":[{"embeddable":true,"href":"http:\/\/www.sislibilgisayarci.com\/index.php?rest_route=\/wp\/v2\/media\/2678"}],"wp:attachment":[{"href":"http:\/\/www.sislibilgisayarci.com\/index.php?rest_route=%2Fwp%2Fv2%2Fmedia&parent=2677"}],"wp:term":[{"taxonomy":"product_cat","embeddable":true,"href":"http:\/\/www.sislibilgisayarci.com\/index.php?rest_route=%2Fwp%2Fv2%2Fproduct_cat&post=2677"},{"taxonomy":"product_tag","embeddable":true,"href":"http:\/\/www.sislibilgisayarci.com\/index.php?rest_route=%2Fwp%2Fv2%2Fproduct_tag&post=2677"}],"curies":[{"name":"wp","href":"https:\/\/api.w.org\/{rel}","templated":true}]}}