{"id":268,"date":"2017-01-16T09:06:30","date_gmt":"2017-01-16T09:06:30","guid":{"rendered":"https:\/\/www.sislibilgisayarci.com\/?product=100513491-rev-b-pcb-laptop-harddisk-karti"},"modified":"2024-04-06T09:14:53","modified_gmt":"2024-04-06T09:14:53","slug":"100513491-rev-b-pcb-laptop-harddisk-karti","status":"publish","type":"product","link":"http:\/\/www.sislibilgisayarci.com\/?product=100513491-rev-b-pcb-laptop-harddisk-karti","title":{"rendered":"100513491 REV B PCB Laptop Harddisk Kart\u0131"},"content":{"rendered":"<p>\u00dcr\u00fcn ikinci eldir.<\/p>\n<p>Kargo m\u00fc\u015fteriye aittir.<\/p>\n<h4 id=\"item-contenttitle\">ST9160319AS 9GEG4C-032 DE13 100513490 100513491 REV B 2.5&#8221; SATA Seagate<\/h4>\n<p>ST9320320AS 320 GB<\/p>\n<p>&nbsp;<\/p>\n","protected":false},"excerpt":{"rendered":"<p>\u00dcr\u00fcn ikinci eldir. Kargo m\u00fc\u015fteriye aittir. ST9160319AS 9GEG4C-032 DE13 100513490 100513491 REV B 2.5&#8221; SATA Seagate ST9320320AS 320 GB &nbsp;<\/p>\n","protected":false},"featured_media":250,"template":"","meta":[],"product_cat":[36],"product_tag":[157,116,152,155,156,119,118,121,117,115,154],"_links":{"self":[{"href":"http:\/\/www.sislibilgisayarci.com\/index.php?rest_route=\/wp\/v2\/product\/268"}],"collection":[{"href":"http:\/\/www.sislibilgisayarci.com\/index.php?rest_route=\/wp\/v2\/product"}],"about":[{"href":"http:\/\/www.sislibilgisayarci.com\/index.php?rest_route=\/wp\/v2\/types\/product"}],"wp:featuredmedia":[{"embeddable":true,"href":"http:\/\/www.sislibilgisayarci.com\/index.php?rest_route=\/wp\/v2\/media\/250"}],"wp:attachment":[{"href":"http:\/\/www.sislibilgisayarci.com\/index.php?rest_route=%2Fwp%2Fv2%2Fmedia&parent=268"}],"wp:term":[{"taxonomy":"product_cat","embeddable":true,"href":"http:\/\/www.sislibilgisayarci.com\/index.php?rest_route=%2Fwp%2Fv2%2Fproduct_cat&post=268"},{"taxonomy":"product_tag","embeddable":true,"href":"http:\/\/www.sislibilgisayarci.com\/index.php?rest_route=%2Fwp%2Fv2%2Fproduct_tag&post=268"}],"curies":[{"name":"wp","href":"https:\/\/api.w.org\/{rel}","templated":true}]}}