{"id":269,"date":"2017-01-16T09:11:29","date_gmt":"2017-01-16T09:11:29","guid":{"rendered":"https:\/\/www.sislibilgisayarci.com\/?product=100536286-rev-e-pcb-laptop-harddisk-karti"},"modified":"2024-04-06T09:14:52","modified_gmt":"2024-04-06T09:14:52","slug":"100536286-rev-e-pcb-laptop-harddisk-karti","status":"publish","type":"product","link":"http:\/\/www.sislibilgisayarci.com\/?product=100536286-rev-e-pcb-laptop-harddisk-karti","title":{"rendered":"100536286 REV E PCB Laptop Harddisk Kart\u0131"},"content":{"rendered":"<p>\u00dcr\u00fcn ikinci eldir.<\/p>\n<p>Kargo m\u00fc\u015fteriye aittir.<\/p>\n<h4>SEAGATE ST9250315AS FW 0002SDM1 100536286 REV E PCB<\/h4>\n<p>SEAGATE ST9320325AS FW D003DEM1<\/p>\n<p>&nbsp;<\/p>\n","protected":false},"excerpt":{"rendered":"<p>\u00dcr\u00fcn ikinci eldir. Kargo m\u00fc\u015fteriye aittir. SEAGATE ST9250315AS FW 0002SDM1 100536286 REV E PCB SEAGATE ST9320325AS FW D003DEM1 &nbsp;<\/p>\n","protected":false},"featured_media":251,"template":"","meta":[],"product_cat":[36],"product_tag":[160,159,121,161,115,158],"_links":{"self":[{"href":"http:\/\/www.sislibilgisayarci.com\/index.php?rest_route=\/wp\/v2\/product\/269"}],"collection":[{"href":"http:\/\/www.sislibilgisayarci.com\/index.php?rest_route=\/wp\/v2\/product"}],"about":[{"href":"http:\/\/www.sislibilgisayarci.com\/index.php?rest_route=\/wp\/v2\/types\/product"}],"wp:featuredmedia":[{"embeddable":true,"href":"http:\/\/www.sislibilgisayarci.com\/index.php?rest_route=\/wp\/v2\/media\/251"}],"wp:attachment":[{"href":"http:\/\/www.sislibilgisayarci.com\/index.php?rest_route=%2Fwp%2Fv2%2Fmedia&parent=269"}],"wp:term":[{"taxonomy":"product_cat","embeddable":true,"href":"http:\/\/www.sislibilgisayarci.com\/index.php?rest_route=%2Fwp%2Fv2%2Fproduct_cat&post=269"},{"taxonomy":"product_tag","embeddable":true,"href":"http:\/\/www.sislibilgisayarci.com\/index.php?rest_route=%2Fwp%2Fv2%2Fproduct_tag&post=269"}],"curies":[{"name":"wp","href":"https:\/\/api.w.org\/{rel}","templated":true}]}}