{"id":2703,"date":"2021-01-27T16:52:12","date_gmt":"2021-01-27T16:52:12","guid":{"rendered":"https:\/\/www.sislibilgisayarci.com\/?post_type=product&#038;p=2703"},"modified":"2024-04-06T09:13:21","modified_gmt":"2024-04-06T09:13:21","slug":"ltn156at19-801-notebook-lcd-ekran-panel","status":"publish","type":"product","link":"http:\/\/www.sislibilgisayarci.com\/?product=ltn156at19-801-notebook-lcd-ekran-panel","title":{"rendered":"LTN156AT19-801 Orjinal Notebook Lcd Ekran &#8211; Panel"},"content":{"rendered":"<table class=\"table\" border=\"1\">\n<tbody>\n<tr>\n<td>Boyut<\/td>\n<td>15.6&#8243;<\/td>\n<\/tr>\n<tr>\n<td>\u00c7\u00f6z\u00fcn\u00fcrl\u00fck<\/td>\n<td>Wxga HD<\/td>\n<\/tr>\n<tr>\n<td>Piksel<\/td>\n<td>1366 x 768<\/td>\n<\/tr>\n<tr>\n<td>Y\u00fczey<\/td>\n<td>Mat<\/td>\n<\/tr>\n<tr>\n<td>Ayd\u0131nlatma<\/td>\n<td>Led<\/td>\n<\/tr>\n<\/tbody>\n<\/table>\n<p>&nbsp;<\/p>\n<p>\u0130\u015fleyi\u015finde bir sorun yoktur.<\/p>\n<p>\u00dcr\u00fcn ikinci eldir.<\/p>\n<p>Resim temsilidir.<\/p>\n<p>Kargo \u00fccreti al\u0131c\u0131ya aittir.<\/p>\n","protected":false},"excerpt":{"rendered":"<p>Boyut 15.6&#8243; \u00c7\u00f6z\u00fcn\u00fcrl\u00fck Wxga HD Piksel 1366 x 768 Y\u00fczey Mat Ayd\u0131nlatma Led &nbsp; \u0130\u015fleyi\u015finde bir sorun yoktur. \u00dcr\u00fcn ikinci eldir. Resim temsilidir. Kargo \u00fccreti al\u0131c\u0131ya aittir.<\/p>\n","protected":false},"featured_media":2002,"template":"","meta":[],"product_cat":[374],"product_tag":[1618],"_links":{"self":[{"href":"http:\/\/www.sislibilgisayarci.com\/index.php?rest_route=\/wp\/v2\/product\/2703"}],"collection":[{"href":"http:\/\/www.sislibilgisayarci.com\/index.php?rest_route=\/wp\/v2\/product"}],"about":[{"href":"http:\/\/www.sislibilgisayarci.com\/index.php?rest_route=\/wp\/v2\/types\/product"}],"wp:featuredmedia":[{"embeddable":true,"href":"http:\/\/www.sislibilgisayarci.com\/index.php?rest_route=\/wp\/v2\/media\/2002"}],"wp:attachment":[{"href":"http:\/\/www.sislibilgisayarci.com\/index.php?rest_route=%2Fwp%2Fv2%2Fmedia&parent=2703"}],"wp:term":[{"taxonomy":"product_cat","embeddable":true,"href":"http:\/\/www.sislibilgisayarci.com\/index.php?rest_route=%2Fwp%2Fv2%2Fproduct_cat&post=2703"},{"taxonomy":"product_tag","embeddable":true,"href":"http:\/\/www.sislibilgisayarci.com\/index.php?rest_route=%2Fwp%2Fv2%2Fproduct_tag&post=2703"}],"curies":[{"name":"wp","href":"https:\/\/api.w.org\/{rel}","templated":true}]}}