{"id":275,"date":"2017-01-16T09:38:50","date_gmt":"2017-01-16T09:38:50","guid":{"rendered":"https:\/\/www.sislibilgisayarci.com\/?product=fkn6vb-a5a002217010-a-pcb-laptop-harddisk-karti"},"modified":"2024-04-06T09:14:51","modified_gmt":"2024-04-06T09:14:51","slug":"fkn6vb-a5a002217010-a-pcb-laptop-harddisk-karti","status":"publish","type":"product","link":"http:\/\/www.sislibilgisayarci.com\/?product=fkn6vb-a5a002217010-a-pcb-laptop-harddisk-karti","title":{"rendered":"FKN6VB-A5A002217010-A PCB Laptop Harddisk Kart\u0131 G002641A"},"content":{"rendered":"<p>\u00dcr\u00fcn ikinci eldir.<\/p>\n<p>Kargo m\u00fc\u015fteriye aittir.<\/p>\n<div id=\"PicturePanel\" class=\"pp-c\">\n<div id=\"PicturePanel\" class=\"pp-c\">\n<div class=\"pp-ic pp-ic500\">\n<div class=\"l-shad lftd img img500\">Toshiba 320gb MK3252GSX FKN6VB A5A002217010<\/div>\n<\/div>\n<\/div>\n<\/div>\n","protected":false},"excerpt":{"rendered":"<p>\u00dcr\u00fcn ikinci eldir. Kargo m\u00fc\u015fteriye aittir. Toshiba 320gb MK3252GSX FKN6VB A5A002217010<\/p>\n","protected":false},"featured_media":255,"template":"","meta":[],"product_cat":[36],"product_tag":[178,181,180,179,69],"_links":{"self":[{"href":"http:\/\/www.sislibilgisayarci.com\/index.php?rest_route=\/wp\/v2\/product\/275"}],"collection":[{"href":"http:\/\/www.sislibilgisayarci.com\/index.php?rest_route=\/wp\/v2\/product"}],"about":[{"href":"http:\/\/www.sislibilgisayarci.com\/index.php?rest_route=\/wp\/v2\/types\/product"}],"wp:featuredmedia":[{"embeddable":true,"href":"http:\/\/www.sislibilgisayarci.com\/index.php?rest_route=\/wp\/v2\/media\/255"}],"wp:attachment":[{"href":"http:\/\/www.sislibilgisayarci.com\/index.php?rest_route=%2Fwp%2Fv2%2Fmedia&parent=275"}],"wp:term":[{"taxonomy":"product_cat","embeddable":true,"href":"http:\/\/www.sislibilgisayarci.com\/index.php?rest_route=%2Fwp%2Fv2%2Fproduct_cat&post=275"},{"taxonomy":"product_tag","embeddable":true,"href":"http:\/\/www.sislibilgisayarci.com\/index.php?rest_route=%2Fwp%2Fv2%2Fproduct_tag&post=275"}],"curies":[{"name":"wp","href":"https:\/\/api.w.org\/{rel}","templated":true}]}}