{"id":2758,"date":"2021-02-09T13:23:15","date_gmt":"2021-02-09T13:23:15","guid":{"rendered":"https:\/\/www.sislibilgisayarci.com\/?post_type=product&#038;p=2758"},"modified":"2024-04-06T09:13:19","modified_gmt":"2024-04-06T09:13:19","slug":"dell-n5110-cn-0j1vpc-notebook-cpu-fan-3-pin-sogutucusu-ile-birlikte","status":"publish","type":"product","link":"http:\/\/www.sislibilgisayarci.com\/?product=dell-n5110-cn-0j1vpc-notebook-cpu-fan-3-pin-sogutucusu-ile-birlikte","title":{"rendered":"Dell N5110 CN-0J1VPC Notebook Cpu Fan (3 Pin) G75X05MS1AH\u00a0"},"content":{"rendered":"<p>\u00dcr\u00fcn 2. eldir.<\/p>\n<p>Resim temsilidir.<\/p>\n<p>Kargo \u00fccreti m\u00fc\u015fteriye aittir.<\/p>\n<p>Sadece fan g\u00f6nderilecektir.<\/p>\n<p>Nider<\/p>\n<p>Model: G75X05MS1AH<\/p>\n<p>52T101<\/p>\n<p>5V DC 0,40A<\/p>\n<p>23.10459.001\u00a0 \u00a0 A01<\/p>\n<p>3pin<\/p>\n<p>&nbsp;<\/p>\n","protected":false},"excerpt":{"rendered":"<p>\u00dcr\u00fcn 2. eldir. Resim temsilidir. Kargo \u00fccreti m\u00fc\u015fteriye aittir. Sadece fan g\u00f6nderilecektir. Nider Model: G75X05MS1AH 52T101 5V DC 0,40A 23.10459.001\u00a0 \u00a0 A01 3pin &nbsp;<\/p>\n","protected":false},"featured_media":2759,"template":"","meta":[],"product_cat":[1626],"product_tag":[1845],"_links":{"self":[{"href":"http:\/\/www.sislibilgisayarci.com\/index.php?rest_route=\/wp\/v2\/product\/2758"}],"collection":[{"href":"http:\/\/www.sislibilgisayarci.com\/index.php?rest_route=\/wp\/v2\/product"}],"about":[{"href":"http:\/\/www.sislibilgisayarci.com\/index.php?rest_route=\/wp\/v2\/types\/product"}],"wp:featuredmedia":[{"embeddable":true,"href":"http:\/\/www.sislibilgisayarci.com\/index.php?rest_route=\/wp\/v2\/media\/2759"}],"wp:attachment":[{"href":"http:\/\/www.sislibilgisayarci.com\/index.php?rest_route=%2Fwp%2Fv2%2Fmedia&parent=2758"}],"wp:term":[{"taxonomy":"product_cat","embeddable":true,"href":"http:\/\/www.sislibilgisayarci.com\/index.php?rest_route=%2Fwp%2Fv2%2Fproduct_cat&post=2758"},{"taxonomy":"product_tag","embeddable":true,"href":"http:\/\/www.sislibilgisayarci.com\/index.php?rest_route=%2Fwp%2Fv2%2Fproduct_tag&post=2758"}],"curies":[{"name":"wp","href":"https:\/\/api.w.org\/{rel}","templated":true}]}}