{"id":276,"date":"2017-01-16T09:42:25","date_gmt":"2017-01-16T09:42:25","guid":{"rendered":"https:\/\/www.sislibilgisayarci.com\/?product=2060-771672-004-pcb-laptop-harddisk-karti"},"modified":"2024-04-06T09:14:51","modified_gmt":"2024-04-06T09:14:51","slug":"2060-771672-004-pcb-laptop-harddisk-karti","status":"publish","type":"product","link":"http:\/\/www.sislibilgisayarci.com\/?product=2060-771672-004-pcb-laptop-harddisk-karti","title":{"rendered":"2060-771672-004 REV. A PCB Laptop Harddisk Kart\u0131"},"content":{"rendered":"<p>\u00dcr\u00fcn ikinci eldir.<\/p>\n<p>Kargo m\u00fc\u015fteriye aittir.<\/p>\n<div id=\"PicturePanel\" class=\"pp-c\">\n<div id=\"PicturePanel\" class=\"pp-c\">\n<div class=\"pp-ic pp-ic500\">\n<div class=\"l-shad lftd img img500\">\n<h4 id=\"title\" class=\"a-size-large a-spacing-none\"><span id=\"productTitle\" class=\"a-size-large\">WD1600BEVT-75A23T0, 2060-771672-004, REV A<\/span><\/h4>\n<h4 id=\"title\" class=\"a-size-large a-spacing-none\"><span id=\"productTitle\" class=\"a-size-large\">WD3200BEVT-75A23T0, 2060-771672-004, REV A<\/span><\/h4>\n<h4 id=\"title\" class=\"a-size-large a-spacing-none\"><span id=\"productTitle\" class=\"a-size-large\">WD3200BEVT-60A23T0, 2060-771672-004, REV A<\/span><\/h4>\n<h4>WD250BPVT-80ZEST0<\/h4>\n<\/div>\n<p>2 ad. mevcut<\/p>\n<\/div>\n<\/div>\n<\/div>\n","protected":false},"excerpt":{"rendered":"<p>\u00dcr\u00fcn ikinci eldir. Kargo m\u00fc\u015fteriye aittir. WD1600BEVT-75A23T0, 2060-771672-004, REV A WD3200BEVT-75A23T0, 2060-771672-004, REV A WD3200BEVT-60A23T0, 2060-771672-004, REV A WD250BPVT-80ZEST0 2 ad. mevcut<\/p>\n","protected":false},"featured_media":256,"template":"","meta":[],"product_cat":[36],"product_tag":[183,1313,131,182,1314],"_links":{"self":[{"href":"http:\/\/www.sislibilgisayarci.com\/index.php?rest_route=\/wp\/v2\/product\/276"}],"collection":[{"href":"http:\/\/www.sislibilgisayarci.com\/index.php?rest_route=\/wp\/v2\/product"}],"about":[{"href":"http:\/\/www.sislibilgisayarci.com\/index.php?rest_route=\/wp\/v2\/types\/product"}],"wp:featuredmedia":[{"embeddable":true,"href":"http:\/\/www.sislibilgisayarci.com\/index.php?rest_route=\/wp\/v2\/media\/256"}],"wp:attachment":[{"href":"http:\/\/www.sislibilgisayarci.com\/index.php?rest_route=%2Fwp%2Fv2%2Fmedia&parent=276"}],"wp:term":[{"taxonomy":"product_cat","embeddable":true,"href":"http:\/\/www.sislibilgisayarci.com\/index.php?rest_route=%2Fwp%2Fv2%2Fproduct_cat&post=276"},{"taxonomy":"product_tag","embeddable":true,"href":"http:\/\/www.sislibilgisayarci.com\/index.php?rest_route=%2Fwp%2Fv2%2Fproduct_tag&post=276"}],"curies":[{"name":"wp","href":"https:\/\/api.w.org\/{rel}","templated":true}]}}