{"id":277,"date":"2017-01-16T09:44:09","date_gmt":"2017-01-16T09:44:09","guid":{"rendered":"https:\/\/www.sislibilgisayarci.com\/?product=2060-771672-004-pcb-laptop-harddisk-karti-kopya"},"modified":"2024-04-06T09:14:51","modified_gmt":"2024-04-06T09:14:51","slug":"2060-771672-004-pcb-laptop-harddisk-karti-kopya","status":"publish","type":"product","link":"http:\/\/www.sislibilgisayarci.com\/?product=2060-771672-004-pcb-laptop-harddisk-karti-kopya","title":{"rendered":"2060-701450-011, REV A PCB Laptop Harddisk Kart\u0131"},"content":{"rendered":"<p>\u00dcr\u00fcn ikinci eldir.<\/p>\n<p>Kargo m\u00fc\u015fteriye aittir.<\/p>\n<div id=\"PicturePanel\" class=\"pp-c\">\n<div id=\"PicturePanel\" class=\"pp-c\">\n<div class=\"pp-ic pp-ic500\">\n<div class=\"l-shad lftd img img500\">\n<h4 id=\"title\" class=\"a-size-large a-spacing-none\"><span id=\"productTitle\" class=\"a-size-large\">WESTERN DIGITAL, WD800BEVS-08RST2, 2060-701450-011, REV A, PCB<\/span><\/h4>\n<\/div>\n<\/div>\n<\/div>\n<\/div>\n","protected":false},"excerpt":{"rendered":"<p>\u00dcr\u00fcn ikinci eldir. Kargo m\u00fc\u015fteriye aittir. WESTERN DIGITAL, WD800BEVS-08RST2, 2060-701450-011, REV A, PCB<\/p>\n","protected":false},"featured_media":257,"template":"","meta":[],"product_cat":[36],"product_tag":[186,121,131,185,184],"_links":{"self":[{"href":"http:\/\/www.sislibilgisayarci.com\/index.php?rest_route=\/wp\/v2\/product\/277"}],"collection":[{"href":"http:\/\/www.sislibilgisayarci.com\/index.php?rest_route=\/wp\/v2\/product"}],"about":[{"href":"http:\/\/www.sislibilgisayarci.com\/index.php?rest_route=\/wp\/v2\/types\/product"}],"wp:featuredmedia":[{"embeddable":true,"href":"http:\/\/www.sislibilgisayarci.com\/index.php?rest_route=\/wp\/v2\/media\/257"}],"wp:attachment":[{"href":"http:\/\/www.sislibilgisayarci.com\/index.php?rest_route=%2Fwp%2Fv2%2Fmedia&parent=277"}],"wp:term":[{"taxonomy":"product_cat","embeddable":true,"href":"http:\/\/www.sislibilgisayarci.com\/index.php?rest_route=%2Fwp%2Fv2%2Fproduct_cat&post=277"},{"taxonomy":"product_tag","embeddable":true,"href":"http:\/\/www.sislibilgisayarci.com\/index.php?rest_route=%2Fwp%2Fv2%2Fproduct_tag&post=277"}],"curies":[{"name":"wp","href":"https:\/\/api.w.org\/{rel}","templated":true}]}}