{"id":2802,"date":"2021-02-17T10:57:32","date_gmt":"2021-02-17T10:57:32","guid":{"rendered":"https:\/\/www.sislibilgisayarci.com\/?post_type=product&#038;p=2802"},"modified":"2024-04-06T09:13:17","modified_gmt":"2024-04-06T09:13:17","slug":"ltd121ec3l-lcd-toshiba-portege-r200-laptop-12-1-xvga-panel","status":"publish","type":"product","link":"http:\/\/www.sislibilgisayarci.com\/?product=ltd121ec3l-lcd-toshiba-portege-r200-laptop-12-1-xvga-panel","title":{"rendered":"LTD121EC3L LCD Toshiba Portege R200 Laptop 12.1&#8243; XVGA Panel"},"content":{"rendered":"<p>\u00dcr\u00fcn 2. Eldir.<\/p>\n<p>Kargo \u00fccreti m\u00fc\u015fteriye aittir.<\/p>\n<p>G\u00f6rsel temsilidir.<\/p>\n","protected":false},"excerpt":{"rendered":"<p>\u00dcr\u00fcn 2. Eldir. Kargo \u00fccreti m\u00fc\u015fteriye aittir. G\u00f6rsel temsilidir.<\/p>\n","protected":false},"featured_media":2803,"template":"","meta":[],"product_cat":[374],"product_tag":[1864],"_links":{"self":[{"href":"http:\/\/www.sislibilgisayarci.com\/index.php?rest_route=\/wp\/v2\/product\/2802"}],"collection":[{"href":"http:\/\/www.sislibilgisayarci.com\/index.php?rest_route=\/wp\/v2\/product"}],"about":[{"href":"http:\/\/www.sislibilgisayarci.com\/index.php?rest_route=\/wp\/v2\/types\/product"}],"wp:featuredmedia":[{"embeddable":true,"href":"http:\/\/www.sislibilgisayarci.com\/index.php?rest_route=\/wp\/v2\/media\/2803"}],"wp:attachment":[{"href":"http:\/\/www.sislibilgisayarci.com\/index.php?rest_route=%2Fwp%2Fv2%2Fmedia&parent=2802"}],"wp:term":[{"taxonomy":"product_cat","embeddable":true,"href":"http:\/\/www.sislibilgisayarci.com\/index.php?rest_route=%2Fwp%2Fv2%2Fproduct_cat&post=2802"},{"taxonomy":"product_tag","embeddable":true,"href":"http:\/\/www.sislibilgisayarci.com\/index.php?rest_route=%2Fwp%2Fv2%2Fproduct_tag&post=2802"}],"curies":[{"name":"wp","href":"https:\/\/api.w.org\/{rel}","templated":true}]}}