{"id":2804,"date":"2021-02-17T11:02:36","date_gmt":"2021-02-17T11:02:36","guid":{"rendered":"https:\/\/www.sislibilgisayarci.com\/?post_type=product&#038;p=2804"},"modified":"2024-04-06T09:13:17","modified_gmt":"2024-04-06T09:13:17","slug":"toshiba-portege-r200-laptop-lcd-data-kablosu","status":"publish","type":"product","link":"http:\/\/www.sislibilgisayarci.com\/?product=toshiba-portege-r200-laptop-lcd-data-kablosu","title":{"rendered":"Toshiba Portege R200 Laptop LCD Data Kablosu"},"content":{"rendered":"<p>\u00dcr\u00fcn 2. Eldir.<\/p>\n<p>Kargo \u00fccreti m\u00fc\u015fteriye aittir.<\/p>\n<p>G\u00f6rsel temsilidir.<\/p>\n","protected":false},"excerpt":{"rendered":"<p>\u00dcr\u00fcn 2. Eldir. Kargo \u00fccreti m\u00fc\u015fteriye aittir. G\u00f6rsel temsilidir.<\/p>\n","protected":false},"featured_media":0,"template":"","meta":[],"product_cat":[232],"product_tag":[1864],"_links":{"self":[{"href":"http:\/\/www.sislibilgisayarci.com\/index.php?rest_route=\/wp\/v2\/product\/2804"}],"collection":[{"href":"http:\/\/www.sislibilgisayarci.com\/index.php?rest_route=\/wp\/v2\/product"}],"about":[{"href":"http:\/\/www.sislibilgisayarci.com\/index.php?rest_route=\/wp\/v2\/types\/product"}],"wp:attachment":[{"href":"http:\/\/www.sislibilgisayarci.com\/index.php?rest_route=%2Fwp%2Fv2%2Fmedia&parent=2804"}],"wp:term":[{"taxonomy":"product_cat","embeddable":true,"href":"http:\/\/www.sislibilgisayarci.com\/index.php?rest_route=%2Fwp%2Fv2%2Fproduct_cat&post=2804"},{"taxonomy":"product_tag","embeddable":true,"href":"http:\/\/www.sislibilgisayarci.com\/index.php?rest_route=%2Fwp%2Fv2%2Fproduct_tag&post=2804"}],"curies":[{"name":"wp","href":"https:\/\/api.w.org\/{rel}","templated":true}]}}