{"id":281,"date":"2017-01-16T10:08:34","date_gmt":"2017-01-16T10:08:34","guid":{"rendered":"https:\/\/www.sislibilgisayarci.com\/?product=seagate-100390531-rev-b-pcb-laptop-harddisk-karti"},"modified":"2024-04-06T09:14:51","modified_gmt":"2024-04-06T09:14:51","slug":"seagate-100390531-rev-b-pcb-laptop-harddisk-karti","status":"publish","type":"product","link":"http:\/\/www.sislibilgisayarci.com\/?product=seagate-100390531-rev-b-pcb-laptop-harddisk-karti","title":{"rendered":"SEAGATE 100390531 REV B PCB Laptop Harddisk Kart\u0131"},"content":{"rendered":"<p>\u00dcr\u00fcn ikinci eldir.<\/p>\n<p>Kargo m\u00fc\u015fteriye aittir.<\/p>\n<div id=\"PicturePanel\" class=\"pp-c\">\n<div id=\"PicturePanel\" class=\"pp-c\">\n<div class=\"pp-ic pp-ic500\">\n<div class=\"l-shad lftd img img500\">\n<h4 title=\"80 GB Seagate Momentus ST980815A \/ SN: 5LY \/ 3.ALC \/ WU \/ 100390531 REV B\">80 GB, Seagate, Momentus, ST980815A, 100390531, REV B<\/h4>\n<\/div>\n<\/div>\n<\/div>\n<\/div>\n","protected":false},"excerpt":{"rendered":"<p>\u00dcr\u00fcn ikinci eldir. Kargo m\u00fc\u015fteriye aittir. 80 GB, Seagate, Momentus, ST980815A, 100390531, REV B<\/p>\n","protected":false},"featured_media":261,"template":"","meta":[],"product_cat":[36],"product_tag":[197,194,195,117,115,196],"_links":{"self":[{"href":"http:\/\/www.sislibilgisayarci.com\/index.php?rest_route=\/wp\/v2\/product\/281"}],"collection":[{"href":"http:\/\/www.sislibilgisayarci.com\/index.php?rest_route=\/wp\/v2\/product"}],"about":[{"href":"http:\/\/www.sislibilgisayarci.com\/index.php?rest_route=\/wp\/v2\/types\/product"}],"wp:featuredmedia":[{"embeddable":true,"href":"http:\/\/www.sislibilgisayarci.com\/index.php?rest_route=\/wp\/v2\/media\/261"}],"wp:attachment":[{"href":"http:\/\/www.sislibilgisayarci.com\/index.php?rest_route=%2Fwp%2Fv2%2Fmedia&parent=281"}],"wp:term":[{"taxonomy":"product_cat","embeddable":true,"href":"http:\/\/www.sislibilgisayarci.com\/index.php?rest_route=%2Fwp%2Fv2%2Fproduct_cat&post=281"},{"taxonomy":"product_tag","embeddable":true,"href":"http:\/\/www.sislibilgisayarci.com\/index.php?rest_route=%2Fwp%2Fv2%2Fproduct_tag&post=281"}],"curies":[{"name":"wp","href":"https:\/\/api.w.org\/{rel}","templated":true}]}}