{"id":2818,"date":"2021-02-17T13:41:40","date_gmt":"2021-02-17T13:41:40","guid":{"rendered":"https:\/\/www.sislibilgisayarci.com\/?post_type=product&#038;p=2818"},"modified":"2024-04-06T09:13:16","modified_gmt":"2024-04-06T09:13:16","slug":"samsung-np-n150-n150-n145-sbc-0340n-webcam","status":"publish","type":"product","link":"http:\/\/www.sislibilgisayarci.com\/?product=samsung-np-n150-n150-n145-sbc-0340n-webcam","title":{"rendered":"Samsung NP-N150 N150 N145 SBC-0340N WEBCAM"},"content":{"rendered":"<p>\u00dcr\u00fcn 2. Eldir.<\/p>\n<p>Kargo \u00fccreti m\u00fc\u015fteriye aittir.<\/p>\n<p>G\u00f6rsel temsilidir.<\/p>\n<p>&nbsp;<\/p>\n","protected":false},"excerpt":{"rendered":"<p>\u00dcr\u00fcn 2. Eldir. Kargo \u00fccreti m\u00fc\u015fteriye aittir. G\u00f6rsel temsilidir. &nbsp;<\/p>\n","protected":false},"featured_media":2819,"template":"","meta":[],"product_cat":[397],"product_tag":[1869],"_links":{"self":[{"href":"http:\/\/www.sislibilgisayarci.com\/index.php?rest_route=\/wp\/v2\/product\/2818"}],"collection":[{"href":"http:\/\/www.sislibilgisayarci.com\/index.php?rest_route=\/wp\/v2\/product"}],"about":[{"href":"http:\/\/www.sislibilgisayarci.com\/index.php?rest_route=\/wp\/v2\/types\/product"}],"wp:featuredmedia":[{"embeddable":true,"href":"http:\/\/www.sislibilgisayarci.com\/index.php?rest_route=\/wp\/v2\/media\/2819"}],"wp:attachment":[{"href":"http:\/\/www.sislibilgisayarci.com\/index.php?rest_route=%2Fwp%2Fv2%2Fmedia&parent=2818"}],"wp:term":[{"taxonomy":"product_cat","embeddable":true,"href":"http:\/\/www.sislibilgisayarci.com\/index.php?rest_route=%2Fwp%2Fv2%2Fproduct_cat&post=2818"},{"taxonomy":"product_tag","embeddable":true,"href":"http:\/\/www.sislibilgisayarci.com\/index.php?rest_route=%2Fwp%2Fv2%2Fproduct_tag&post=2818"}],"curies":[{"name":"wp","href":"https:\/\/api.w.org\/{rel}","templated":true}]}}