{"id":284,"date":"2017-01-16T10:29:00","date_gmt":"2017-01-16T10:29:00","guid":{"rendered":"https:\/\/www.sislibilgisayarci.com\/?product=hp-zt3000-dfb501205ha-laptop-islemci-fani"},"modified":"2024-09-10T11:42:51","modified_gmt":"2024-09-10T11:42:51","slug":"hp-zt3000-dfb501205ha-laptop-islemci-fani","status":"publish","type":"product","link":"http:\/\/www.sislibilgisayarci.com\/?product=hp-zt3000-dfb501205ha-laptop-islemci-fani","title":{"rendered":"Hp ZT3000 DFB501205HA Laptop \u0130\u015flemci Fan\u0131"},"content":{"rendered":"<p>\u00dcr\u00fcn ikinci eldir.<\/p>\n<p>Kargo m\u00fc\u015fteriye aittir.<\/p>\n<p>DC 5V, 0,4.A<\/p>\n","protected":false},"excerpt":{"rendered":"<p>\u00dcr\u00fcn ikinci eldir. Kargo m\u00fc\u015fteriye aittir. DC 5V, 0,4.A<\/p>\n","protected":false},"featured_media":285,"template":"","meta":[],"product_cat":[30],"product_tag":[203,77,202],"_links":{"self":[{"href":"http:\/\/www.sislibilgisayarci.com\/index.php?rest_route=\/wp\/v2\/product\/284"}],"collection":[{"href":"http:\/\/www.sislibilgisayarci.com\/index.php?rest_route=\/wp\/v2\/product"}],"about":[{"href":"http:\/\/www.sislibilgisayarci.com\/index.php?rest_route=\/wp\/v2\/types\/product"}],"wp:featuredmedia":[{"embeddable":true,"href":"http:\/\/www.sislibilgisayarci.com\/index.php?rest_route=\/wp\/v2\/media\/285"}],"wp:attachment":[{"href":"http:\/\/www.sislibilgisayarci.com\/index.php?rest_route=%2Fwp%2Fv2%2Fmedia&parent=284"}],"wp:term":[{"taxonomy":"product_cat","embeddable":true,"href":"http:\/\/www.sislibilgisayarci.com\/index.php?rest_route=%2Fwp%2Fv2%2Fproduct_cat&post=284"},{"taxonomy":"product_tag","embeddable":true,"href":"http:\/\/www.sislibilgisayarci.com\/index.php?rest_route=%2Fwp%2Fv2%2Fproduct_tag&post=284"}],"curies":[{"name":"wp","href":"https:\/\/api.w.org\/{rel}","templated":true}]}}