{"id":2845,"date":"2021-02-18T13:25:42","date_gmt":"2021-02-18T13:25:42","guid":{"rendered":"https:\/\/www.sislibilgisayarci.com\/?post_type=product&#038;p=2845"},"modified":"2024-04-06T09:13:15","modified_gmt":"2024-04-06T09:13:15","slug":"hp-pavilion-dv6-1125et-webcam-ai46v4mv001","status":"publish","type":"product","link":"http:\/\/www.sislibilgisayarci.com\/?product=hp-pavilion-dv6-1125et-webcam-ai46v4mv001","title":{"rendered":"HP Pavilion DV6-1125et  Webcam Ai46v4mv001"},"content":{"rendered":"<p>\u00dcr\u00fcn ikinci eldir.<\/p>\n<p>Kargo m\u00fc\u015fteriye aittir.<\/p>\n<p>G\u00f6rsel temsilidir.<\/p>\n<p>&nbsp;<\/p>\n","protected":false},"excerpt":{"rendered":"<p>\u00dcr\u00fcn ikinci eldir. Kargo m\u00fc\u015fteriye aittir. G\u00f6rsel temsilidir. &nbsp;<\/p>\n","protected":false},"featured_media":2846,"template":"","meta":[],"product_cat":[397],"product_tag":[1881],"_links":{"self":[{"href":"http:\/\/www.sislibilgisayarci.com\/index.php?rest_route=\/wp\/v2\/product\/2845"}],"collection":[{"href":"http:\/\/www.sislibilgisayarci.com\/index.php?rest_route=\/wp\/v2\/product"}],"about":[{"href":"http:\/\/www.sislibilgisayarci.com\/index.php?rest_route=\/wp\/v2\/types\/product"}],"wp:featuredmedia":[{"embeddable":true,"href":"http:\/\/www.sislibilgisayarci.com\/index.php?rest_route=\/wp\/v2\/media\/2846"}],"wp:attachment":[{"href":"http:\/\/www.sislibilgisayarci.com\/index.php?rest_route=%2Fwp%2Fv2%2Fmedia&parent=2845"}],"wp:term":[{"taxonomy":"product_cat","embeddable":true,"href":"http:\/\/www.sislibilgisayarci.com\/index.php?rest_route=%2Fwp%2Fv2%2Fproduct_cat&post=2845"},{"taxonomy":"product_tag","embeddable":true,"href":"http:\/\/www.sislibilgisayarci.com\/index.php?rest_route=%2Fwp%2Fv2%2Fproduct_tag&post=2845"}],"curies":[{"name":"wp","href":"https:\/\/api.w.org\/{rel}","templated":true}]}}