{"id":286,"date":"2017-01-16T10:37:12","date_gmt":"2017-01-16T10:37:12","guid":{"rendered":"https:\/\/www.sislibilgisayarci.com\/?product=ksb0605hb-6j50-laptop-islemci-fani"},"modified":"2024-09-10T14:05:00","modified_gmt":"2024-09-10T14:05:00","slug":"ksb0605hb-6j50-laptop-islemci-fani","status":"publish","type":"product","link":"http:\/\/www.sislibilgisayarci.com\/?product=ksb0605hb-6j50-laptop-islemci-fani","title":{"rendered":"KSB0605HB  -6J50 Laptop \u0130\u015flemci Fan\u0131"},"content":{"rendered":"<p>\u00dcr\u00fcn ikinci eldir.<\/p>\n<p>Kargo m\u00fc\u015fteriye aittir.<\/p>\n<p>HP Pavilion DV6000 DV6100 DV6200 DV6500 Laptop 4-PIN KSB0605HB \u00a0-6J50<\/p>\n<p>DC 5V, 0,36A<\/p>\n","protected":false},"excerpt":{"rendered":"<p>\u00dcr\u00fcn ikinci eldir. Kargo m\u00fc\u015fteriye aittir. HP Pavilion DV6000 DV6100 DV6200 DV6500 Laptop 4-PIN KSB0605HB \u00a0-6J50 DC 5V, 0,36A<\/p>\n","protected":false},"featured_media":287,"template":"","meta":[],"product_cat":[30],"product_tag":[211,209,203,205,206,207,208,77,210,118,204,202],"_links":{"self":[{"href":"http:\/\/www.sislibilgisayarci.com\/index.php?rest_route=\/wp\/v2\/product\/286"}],"collection":[{"href":"http:\/\/www.sislibilgisayarci.com\/index.php?rest_route=\/wp\/v2\/product"}],"about":[{"href":"http:\/\/www.sislibilgisayarci.com\/index.php?rest_route=\/wp\/v2\/types\/product"}],"wp:featuredmedia":[{"embeddable":true,"href":"http:\/\/www.sislibilgisayarci.com\/index.php?rest_route=\/wp\/v2\/media\/287"}],"wp:attachment":[{"href":"http:\/\/www.sislibilgisayarci.com\/index.php?rest_route=%2Fwp%2Fv2%2Fmedia&parent=286"}],"wp:term":[{"taxonomy":"product_cat","embeddable":true,"href":"http:\/\/www.sislibilgisayarci.com\/index.php?rest_route=%2Fwp%2Fv2%2Fproduct_cat&post=286"},{"taxonomy":"product_tag","embeddable":true,"href":"http:\/\/www.sislibilgisayarci.com\/index.php?rest_route=%2Fwp%2Fv2%2Fproduct_tag&post=286"}],"curies":[{"name":"wp","href":"https:\/\/api.w.org\/{rel}","templated":true}]}}