{"id":2909,"date":"2021-02-20T13:39:30","date_gmt":"2021-02-20T13:39:30","guid":{"rendered":"https:\/\/www.sislibilgisayarci.com\/?post_type=product&#038;p=2909"},"modified":"2024-04-06T09:13:11","modified_gmt":"2024-04-06T09:13:11","slug":"hp-elitebook-8440p-wifi-wireless-antenna-dc33000jx10-dc33000jv30","status":"publish","type":"product","link":"http:\/\/www.sislibilgisayarci.com\/?product=hp-elitebook-8440p-wifi-wireless-antenna-dc33000jx10-dc33000jv30","title":{"rendered":"HP Elitebook 8440p Wifi Wireless Antenna DC33000JX10 DC33000JV30"},"content":{"rendered":"<p>Toplam 5 ad. anten kablosu mevcuttur.<\/p>\n<p>T\u00fcm\u00fc birlikte verilecektir.<\/p>\n<p>\u00dcr\u00fcn 2. eldir.<\/p>\n<p>Kargo \u00fccreti al\u0131c\u0131ya aittir.<\/p>\n","protected":false},"excerpt":{"rendered":"<p>Toplam 5 ad. anten kablosu mevcuttur. T\u00fcm\u00fc birlikte verilecektir. \u00dcr\u00fcn 2. eldir. Kargo \u00fccreti al\u0131c\u0131ya aittir.<\/p>\n","protected":false},"featured_media":2910,"template":"","meta":[],"product_cat":[232],"product_tag":[1909],"_links":{"self":[{"href":"http:\/\/www.sislibilgisayarci.com\/index.php?rest_route=\/wp\/v2\/product\/2909"}],"collection":[{"href":"http:\/\/www.sislibilgisayarci.com\/index.php?rest_route=\/wp\/v2\/product"}],"about":[{"href":"http:\/\/www.sislibilgisayarci.com\/index.php?rest_route=\/wp\/v2\/types\/product"}],"wp:featuredmedia":[{"embeddable":true,"href":"http:\/\/www.sislibilgisayarci.com\/index.php?rest_route=\/wp\/v2\/media\/2910"}],"wp:attachment":[{"href":"http:\/\/www.sislibilgisayarci.com\/index.php?rest_route=%2Fwp%2Fv2%2Fmedia&parent=2909"}],"wp:term":[{"taxonomy":"product_cat","embeddable":true,"href":"http:\/\/www.sislibilgisayarci.com\/index.php?rest_route=%2Fwp%2Fv2%2Fproduct_cat&post=2909"},{"taxonomy":"product_tag","embeddable":true,"href":"http:\/\/www.sislibilgisayarci.com\/index.php?rest_route=%2Fwp%2Fv2%2Fproduct_tag&post=2909"}],"curies":[{"name":"wp","href":"https:\/\/api.w.org\/{rel}","templated":true}]}}