{"id":2969,"date":"2021-04-13T11:17:13","date_gmt":"2021-04-13T11:17:13","guid":{"rendered":"https:\/\/www.sislibilgisayarci.com\/?post_type=product&#038;p=2969"},"modified":"2024-04-06T09:13:09","modified_gmt":"2024-04-06T09:13:09","slug":"7-pin-tv-out-kablosu-rgb-s-video-cevirici","status":"publish","type":"product","link":"http:\/\/www.sislibilgisayarci.com\/?product=7-pin-tv-out-kablosu-rgb-s-video-cevirici","title":{"rendered":"7 P\u0130N TV OUT KABLOSU RGB + S V\u0130DEO \u00c7EV\u0130R\u0130C\u0130"},"content":{"rendered":"<p>Kargo \u00fccreti m\u00fc\u015fteriye aittir.<\/p>\n<p>G\u00f6rsel temsilidir.<\/p>\n","protected":false},"excerpt":{"rendered":"<p>Kargo \u00fccreti m\u00fc\u015fteriye aittir. G\u00f6rsel temsilidir.<\/p>\n","protected":false},"featured_media":2970,"template":"","meta":[],"product_cat":[1920],"product_tag":[],"_links":{"self":[{"href":"http:\/\/www.sislibilgisayarci.com\/index.php?rest_route=\/wp\/v2\/product\/2969"}],"collection":[{"href":"http:\/\/www.sislibilgisayarci.com\/index.php?rest_route=\/wp\/v2\/product"}],"about":[{"href":"http:\/\/www.sislibilgisayarci.com\/index.php?rest_route=\/wp\/v2\/types\/product"}],"wp:featuredmedia":[{"embeddable":true,"href":"http:\/\/www.sislibilgisayarci.com\/index.php?rest_route=\/wp\/v2\/media\/2970"}],"wp:attachment":[{"href":"http:\/\/www.sislibilgisayarci.com\/index.php?rest_route=%2Fwp%2Fv2%2Fmedia&parent=2969"}],"wp:term":[{"taxonomy":"product_cat","embeddable":true,"href":"http:\/\/www.sislibilgisayarci.com\/index.php?rest_route=%2Fwp%2Fv2%2Fproduct_cat&post=2969"},{"taxonomy":"product_tag","embeddable":true,"href":"http:\/\/www.sislibilgisayarci.com\/index.php?rest_route=%2Fwp%2Fv2%2Fproduct_tag&post=2969"}],"curies":[{"name":"wp","href":"https:\/\/api.w.org\/{rel}","templated":true}]}}