{"id":2975,"date":"2021-04-13T11:41:58","date_gmt":"2021-04-13T11:41:58","guid":{"rendered":"https:\/\/www.sislibilgisayarci.com\/?post_type=product&#038;p=2975"},"modified":"2024-04-06T09:13:09","modified_gmt":"2024-04-06T09:13:09","slug":"4-pin-s-video-erkek-to-rca-erkek-kablo","status":"publish","type":"product","link":"http:\/\/www.sislibilgisayarci.com\/?product=4-pin-s-video-erkek-to-rca-erkek-kablo","title":{"rendered":"4 Pin S-video Erkek to rca Erkek Kablo"},"content":{"rendered":"<p>Kargo \u00fccreti al\u0131c\u0131ya aittir.<\/p>\n<p>Resim temsilidir.<\/p>\n","protected":false},"excerpt":{"rendered":"<p>Kargo \u00fccreti al\u0131c\u0131ya aittir. Resim temsilidir.<\/p>\n","protected":false},"featured_media":2977,"template":"","meta":[],"product_cat":[1920],"product_tag":[],"_links":{"self":[{"href":"http:\/\/www.sislibilgisayarci.com\/index.php?rest_route=\/wp\/v2\/product\/2975"}],"collection":[{"href":"http:\/\/www.sislibilgisayarci.com\/index.php?rest_route=\/wp\/v2\/product"}],"about":[{"href":"http:\/\/www.sislibilgisayarci.com\/index.php?rest_route=\/wp\/v2\/types\/product"}],"wp:featuredmedia":[{"embeddable":true,"href":"http:\/\/www.sislibilgisayarci.com\/index.php?rest_route=\/wp\/v2\/media\/2977"}],"wp:attachment":[{"href":"http:\/\/www.sislibilgisayarci.com\/index.php?rest_route=%2Fwp%2Fv2%2Fmedia&parent=2975"}],"wp:term":[{"taxonomy":"product_cat","embeddable":true,"href":"http:\/\/www.sislibilgisayarci.com\/index.php?rest_route=%2Fwp%2Fv2%2Fproduct_cat&post=2975"},{"taxonomy":"product_tag","embeddable":true,"href":"http:\/\/www.sislibilgisayarci.com\/index.php?rest_route=%2Fwp%2Fv2%2Fproduct_tag&post=2975"}],"curies":[{"name":"wp","href":"https:\/\/api.w.org\/{rel}","templated":true}]}}