{"id":3004,"date":"2021-04-15T14:38:06","date_gmt":"2021-04-15T14:38:06","guid":{"rendered":"https:\/\/www.sislibilgisayarci.com\/?post_type=product&#038;p=3004"},"modified":"2024-04-06T09:13:08","modified_gmt":"2024-04-06T09:13:08","slug":"cable-data-ncr-short-pivat-rs232-0090022413","status":"publish","type":"product","link":"http:\/\/www.sislibilgisayarci.com\/?product=cable-data-ncr-short-pivat-rs232-0090022413","title":{"rendered":"Cable Data NCR Short Pivat RS232 0090022413"},"content":{"rendered":"<p>Resim temsilidir.<\/p>\n<p>Kargo \u00fccreti al\u0131c\u0131ya aittir.<\/p>\n<p>&nbsp;<\/p>\n","protected":false},"excerpt":{"rendered":"<p>Resim temsilidir. Kargo \u00fccreti al\u0131c\u0131ya aittir. &nbsp;<\/p>\n","protected":false},"featured_media":3005,"template":"","meta":[],"product_cat":[1920],"product_tag":[],"_links":{"self":[{"href":"http:\/\/www.sislibilgisayarci.com\/index.php?rest_route=\/wp\/v2\/product\/3004"}],"collection":[{"href":"http:\/\/www.sislibilgisayarci.com\/index.php?rest_route=\/wp\/v2\/product"}],"about":[{"href":"http:\/\/www.sislibilgisayarci.com\/index.php?rest_route=\/wp\/v2\/types\/product"}],"wp:featuredmedia":[{"embeddable":true,"href":"http:\/\/www.sislibilgisayarci.com\/index.php?rest_route=\/wp\/v2\/media\/3005"}],"wp:attachment":[{"href":"http:\/\/www.sislibilgisayarci.com\/index.php?rest_route=%2Fwp%2Fv2%2Fmedia&parent=3004"}],"wp:term":[{"taxonomy":"product_cat","embeddable":true,"href":"http:\/\/www.sislibilgisayarci.com\/index.php?rest_route=%2Fwp%2Fv2%2Fproduct_cat&post=3004"},{"taxonomy":"product_tag","embeddable":true,"href":"http:\/\/www.sislibilgisayarci.com\/index.php?rest_route=%2Fwp%2Fv2%2Fproduct_tag&post=3004"}],"curies":[{"name":"wp","href":"https:\/\/api.w.org\/{rel}","templated":true}]}}