{"id":310,"date":"2017-01-16T13:30:58","date_gmt":"2017-01-16T13:30:58","guid":{"rendered":"https:\/\/www.sislibilgisayarci.com\/?product=samsung-r540-jt02tr-ekran-cover-ba75-02560b"},"modified":"2024-04-06T09:14:50","modified_gmt":"2024-04-06T09:14:50","slug":"samsung-r540-jt02tr-ekran-cover-ba75-02560b","status":"publish","type":"product","link":"http:\/\/www.sislibilgisayarci.com\/?product=samsung-r540-jt02tr-ekran-cover-ba75-02560b","title":{"rendered":"Samsung R540-JT02TR Ekran Cover (BA75-02560B)"},"content":{"rendered":"<p>\u00dcr\u00fcn 2. eldir.<\/p>\n<p>Kargo m\u00fc\u015fteriye aittir.<\/p>\n","protected":false},"excerpt":{"rendered":"<p>\u00dcr\u00fcn 2. eldir. Kargo m\u00fc\u015fteriye aittir.<\/p>\n","protected":false},"featured_media":308,"template":"","meta":[],"product_cat":[218],"product_tag":[221,220,219,215,47,214,128],"_links":{"self":[{"href":"http:\/\/www.sislibilgisayarci.com\/index.php?rest_route=\/wp\/v2\/product\/310"}],"collection":[{"href":"http:\/\/www.sislibilgisayarci.com\/index.php?rest_route=\/wp\/v2\/product"}],"about":[{"href":"http:\/\/www.sislibilgisayarci.com\/index.php?rest_route=\/wp\/v2\/types\/product"}],"wp:featuredmedia":[{"embeddable":true,"href":"http:\/\/www.sislibilgisayarci.com\/index.php?rest_route=\/wp\/v2\/media\/308"}],"wp:attachment":[{"href":"http:\/\/www.sislibilgisayarci.com\/index.php?rest_route=%2Fwp%2Fv2%2Fmedia&parent=310"}],"wp:term":[{"taxonomy":"product_cat","embeddable":true,"href":"http:\/\/www.sislibilgisayarci.com\/index.php?rest_route=%2Fwp%2Fv2%2Fproduct_cat&post=310"},{"taxonomy":"product_tag","embeddable":true,"href":"http:\/\/www.sislibilgisayarci.com\/index.php?rest_route=%2Fwp%2Fv2%2Fproduct_tag&post=310"}],"curies":[{"name":"wp","href":"https:\/\/api.w.org\/{rel}","templated":true}]}}