{"id":3163,"date":"2021-11-27T12:03:36","date_gmt":"2021-11-27T12:03:36","guid":{"rendered":"https:\/\/www.sislibilgisayarci.com\/?post_type=product&#038;p=3163"},"modified":"2024-04-06T09:13:00","modified_gmt":"2024-04-06T09:13:00","slug":"exper-easypad-p10man-tablet-lcd-ekran-ve-diger-aksamlari","status":"publish","type":"product","link":"http:\/\/www.sislibilgisayarci.com\/?product=exper-easypad-p10man-tablet-lcd-ekran-ve-diger-aksamlari","title":{"rendered":"Exper EasyPad P10MAN Tablet Lcd Ekran ve di\u011fer aksamlar\u0131"},"content":{"rendered":"<p>Tabletin \u015farj\u0131 olmad\u0131\u011f\u0131ndan \u00e7al\u0131\u015f\u0131p \u00e7al\u0131\u015fmad\u0131\u011f\u0131 bilinmeden sat\u0131lmaktad\u0131r.<\/p>\n<p>\u00dcr\u00fcn\u00fcn sadece ekran fiyat\u0131 olarak koyulmu\u015ftur.<\/p>\n<p>\u00dcr\u00fcn 2. eldir.<\/p>\n<p>G\u00f6rsel temsilidir.<\/p>\n<p>Kargo \u00fccreti m\u00fc\u015fteriye aittir.<\/p>\n","protected":false},"excerpt":{"rendered":"<p>Tabletin \u015farj\u0131 olmad\u0131\u011f\u0131ndan \u00e7al\u0131\u015f\u0131p \u00e7al\u0131\u015fmad\u0131\u011f\u0131 bilinmeden sat\u0131lmaktad\u0131r. \u00dcr\u00fcn\u00fcn sadece ekran fiyat\u0131 olarak koyulmu\u015ftur. \u00dcr\u00fcn 2. eldir. G\u00f6rsel temsilidir. Kargo \u00fccreti m\u00fc\u015fteriye aittir.<\/p>\n","protected":false},"featured_media":3164,"template":"","meta":[],"product_cat":[374],"product_tag":[],"_links":{"self":[{"href":"http:\/\/www.sislibilgisayarci.com\/index.php?rest_route=\/wp\/v2\/product\/3163"}],"collection":[{"href":"http:\/\/www.sislibilgisayarci.com\/index.php?rest_route=\/wp\/v2\/product"}],"about":[{"href":"http:\/\/www.sislibilgisayarci.com\/index.php?rest_route=\/wp\/v2\/types\/product"}],"wp:featuredmedia":[{"embeddable":true,"href":"http:\/\/www.sislibilgisayarci.com\/index.php?rest_route=\/wp\/v2\/media\/3164"}],"wp:attachment":[{"href":"http:\/\/www.sislibilgisayarci.com\/index.php?rest_route=%2Fwp%2Fv2%2Fmedia&parent=3163"}],"wp:term":[{"taxonomy":"product_cat","embeddable":true,"href":"http:\/\/www.sislibilgisayarci.com\/index.php?rest_route=%2Fwp%2Fv2%2Fproduct_cat&post=3163"},{"taxonomy":"product_tag","embeddable":true,"href":"http:\/\/www.sislibilgisayarci.com\/index.php?rest_route=%2Fwp%2Fv2%2Fproduct_tag&post=3163"}],"curies":[{"name":"wp","href":"https:\/\/api.w.org\/{rel}","templated":true}]}}