{"id":3165,"date":"2021-11-27T12:12:07","date_gmt":"2021-11-27T12:12:07","guid":{"rendered":"https:\/\/www.sislibilgisayarci.com\/?post_type=product&#038;p=3165"},"modified":"2024-04-06T09:13:00","modified_gmt":"2024-04-06T09:13:00","slug":"hometech-mid-7102-lcd-ekran-panel","status":"publish","type":"product","link":"http:\/\/www.sislibilgisayarci.com\/?product=hometech-mid-7102-lcd-ekran-panel","title":{"rendered":"Hometech MID-7102 Lcd Ekran Panel"},"content":{"rendered":"<p>Tabletin \u015farj\u0131 olmad\u0131\u011f\u0131ndan \u00e7al\u0131\u015f\u0131p \u00e7al\u0131\u015fmad\u0131\u011f\u0131 bilinmeden sat\u0131lmaktad\u0131r.<\/p>\n<p>\u00dcr\u00fcn sadece ekran fiyat\u0131 olarak koyulmu\u015ftur.<\/p>\n<p>\u00dcr\u00fcn 2. eldir.<\/p>\n<p>G\u00f6rsel temsilidir.<\/p>\n<p>Kargo \u00fccreti m\u00fc\u015fteriye aittir.<\/p>\n","protected":false},"excerpt":{"rendered":"<p>Tabletin \u015farj\u0131 olmad\u0131\u011f\u0131ndan \u00e7al\u0131\u015f\u0131p \u00e7al\u0131\u015fmad\u0131\u011f\u0131 bilinmeden sat\u0131lmaktad\u0131r. \u00dcr\u00fcn sadece ekran fiyat\u0131 olarak koyulmu\u015ftur. \u00dcr\u00fcn 2. eldir. G\u00f6rsel temsilidir. Kargo \u00fccreti m\u00fc\u015fteriye aittir.<\/p>\n","protected":false},"featured_media":3166,"template":"","meta":[],"product_cat":[374],"product_tag":[],"_links":{"self":[{"href":"http:\/\/www.sislibilgisayarci.com\/index.php?rest_route=\/wp\/v2\/product\/3165"}],"collection":[{"href":"http:\/\/www.sislibilgisayarci.com\/index.php?rest_route=\/wp\/v2\/product"}],"about":[{"href":"http:\/\/www.sislibilgisayarci.com\/index.php?rest_route=\/wp\/v2\/types\/product"}],"wp:featuredmedia":[{"embeddable":true,"href":"http:\/\/www.sislibilgisayarci.com\/index.php?rest_route=\/wp\/v2\/media\/3166"}],"wp:attachment":[{"href":"http:\/\/www.sislibilgisayarci.com\/index.php?rest_route=%2Fwp%2Fv2%2Fmedia&parent=3165"}],"wp:term":[{"taxonomy":"product_cat","embeddable":true,"href":"http:\/\/www.sislibilgisayarci.com\/index.php?rest_route=%2Fwp%2Fv2%2Fproduct_cat&post=3165"},{"taxonomy":"product_tag","embeddable":true,"href":"http:\/\/www.sislibilgisayarci.com\/index.php?rest_route=%2Fwp%2Fv2%2Fproduct_tag&post=3165"}],"curies":[{"name":"wp","href":"https:\/\/api.w.org\/{rel}","templated":true}]}}