{"id":3205,"date":"2022-08-08T09:55:33","date_gmt":"2022-08-08T09:55:33","guid":{"rendered":"https:\/\/www.sislibilgisayarci.com\/?post_type=product&#038;p=3205"},"modified":"2024-04-06T09:13:00","modified_gmt":"2024-04-06T09:13:00","slug":"casper-nirvana-f700-mentese-sol-mentese","status":"publish","type":"product","link":"http:\/\/www.sislibilgisayarci.com\/?product=casper-nirvana-f700-mentese-sol-mentese","title":{"rendered":"CASPER Nirvana F700 Mente\u015fe Sol Mente\u015fe"},"content":{"rendered":"<p>\u00dcr\u00fcn 2. eldir.<\/p>\n<p>Kargo \u00fccreti m\u00fc\u015fteriye aittir.<\/p>\n<p>&nbsp;<\/p>\n","protected":false},"excerpt":{"rendered":"<p>\u00dcr\u00fcn 2. eldir. Kargo \u00fccreti m\u00fc\u015fteriye aittir. &nbsp;<\/p>\n","protected":false},"featured_media":3206,"template":"","meta":[],"product_cat":[43],"product_tag":[1985],"_links":{"self":[{"href":"http:\/\/www.sislibilgisayarci.com\/index.php?rest_route=\/wp\/v2\/product\/3205"}],"collection":[{"href":"http:\/\/www.sislibilgisayarci.com\/index.php?rest_route=\/wp\/v2\/product"}],"about":[{"href":"http:\/\/www.sislibilgisayarci.com\/index.php?rest_route=\/wp\/v2\/types\/product"}],"wp:featuredmedia":[{"embeddable":true,"href":"http:\/\/www.sislibilgisayarci.com\/index.php?rest_route=\/wp\/v2\/media\/3206"}],"wp:attachment":[{"href":"http:\/\/www.sislibilgisayarci.com\/index.php?rest_route=%2Fwp%2Fv2%2Fmedia&parent=3205"}],"wp:term":[{"taxonomy":"product_cat","embeddable":true,"href":"http:\/\/www.sislibilgisayarci.com\/index.php?rest_route=%2Fwp%2Fv2%2Fproduct_cat&post=3205"},{"taxonomy":"product_tag","embeddable":true,"href":"http:\/\/www.sislibilgisayarci.com\/index.php?rest_route=%2Fwp%2Fv2%2Fproduct_tag&post=3205"}],"curies":[{"name":"wp","href":"https:\/\/api.w.org\/{rel}","templated":true}]}}