{"id":3244,"date":"2023-01-19T11:48:57","date_gmt":"2023-01-19T11:48:57","guid":{"rendered":"https:\/\/www.sislibilgisayarci.com\/?post_type=product&#038;p=3244"},"modified":"2024-04-06T09:12:58","modified_gmt":"2024-04-06T09:12:58","slug":"141772913-genuine-sony-modem-card-vgn-aw190-pcg-8131l","status":"publish","type":"product","link":"http:\/\/www.sislibilgisayarci.com\/?product=141772913-genuine-sony-modem-card-vgn-aw190-pcg-8131l","title":{"rendered":"141772913 GENUINE SONY MODEM CARD VGN-AW190 PCG-8131L"},"content":{"rendered":"<p>\u00dcr\u00fcn ikinci eldir.<\/p>\n<div>G\u00d6RSEL TEMS\u0130L\u0130D\u0130R.<\/div>\n<div><\/div>\n<p>Kargo \u00fccreti m\u00fc\u015fteriye aittir.<\/p>\n<p>&nbsp;<\/p>\n","protected":false},"excerpt":{"rendered":"<p>\u00dcr\u00fcn ikinci eldir. G\u00d6RSEL TEMS\u0130L\u0130D\u0130R. Kargo \u00fccreti m\u00fc\u015fteriye aittir. &nbsp;<\/p>\n","protected":false},"featured_media":3245,"template":"","meta":[],"product_cat":[36],"product_tag":[1994],"_links":{"self":[{"href":"http:\/\/www.sislibilgisayarci.com\/index.php?rest_route=\/wp\/v2\/product\/3244"}],"collection":[{"href":"http:\/\/www.sislibilgisayarci.com\/index.php?rest_route=\/wp\/v2\/product"}],"about":[{"href":"http:\/\/www.sislibilgisayarci.com\/index.php?rest_route=\/wp\/v2\/types\/product"}],"wp:featuredmedia":[{"embeddable":true,"href":"http:\/\/www.sislibilgisayarci.com\/index.php?rest_route=\/wp\/v2\/media\/3245"}],"wp:attachment":[{"href":"http:\/\/www.sislibilgisayarci.com\/index.php?rest_route=%2Fwp%2Fv2%2Fmedia&parent=3244"}],"wp:term":[{"taxonomy":"product_cat","embeddable":true,"href":"http:\/\/www.sislibilgisayarci.com\/index.php?rest_route=%2Fwp%2Fv2%2Fproduct_cat&post=3244"},{"taxonomy":"product_tag","embeddable":true,"href":"http:\/\/www.sislibilgisayarci.com\/index.php?rest_route=%2Fwp%2Fv2%2Fproduct_tag&post=3244"}],"curies":[{"name":"wp","href":"https:\/\/api.w.org\/{rel}","templated":true}]}}