{"id":3266,"date":"2023-01-19T14:13:53","date_gmt":"2023-01-19T14:13:53","guid":{"rendered":"https:\/\/www.sislibilgisayarci.com\/?post_type=product&#038;p=3266"},"modified":"2024-04-06T09:12:56","modified_gmt":"2024-04-06T09:12:56","slug":"sony-pcg-6s1l-1-874-102-11-anakart-bozuk-acilmiyor","status":"publish","type":"product","link":"http:\/\/www.sislibilgisayarci.com\/?product=sony-pcg-6s1l-1-874-102-11-anakart-bozuk-acilmiyor","title":{"rendered":"SONY PCG-6S1L 1-874-102-11 Anakart Bozuk (A\u00e7\u0131lm\u0131yor)"},"content":{"rendered":"<p>\u00dcr\u00fcn ikinci eldir.<\/p>\n<div>G\u00d6RSEL TEMS\u0130L\u0130D\u0130R.<\/div>\n<div><\/div>\n<p>Kargo \u00fccreti m\u00fc\u015fteriye aittir.<\/p>\n<p>&nbsp;<\/p>\n","protected":false},"excerpt":{"rendered":"<p>\u00dcr\u00fcn ikinci eldir. G\u00d6RSEL TEMS\u0130L\u0130D\u0130R. Kargo \u00fccreti m\u00fc\u015fteriye aittir. &nbsp;<\/p>\n","protected":false},"featured_media":3267,"template":"","meta":[],"product_cat":[36],"product_tag":[],"_links":{"self":[{"href":"http:\/\/www.sislibilgisayarci.com\/index.php?rest_route=\/wp\/v2\/product\/3266"}],"collection":[{"href":"http:\/\/www.sislibilgisayarci.com\/index.php?rest_route=\/wp\/v2\/product"}],"about":[{"href":"http:\/\/www.sislibilgisayarci.com\/index.php?rest_route=\/wp\/v2\/types\/product"}],"wp:featuredmedia":[{"embeddable":true,"href":"http:\/\/www.sislibilgisayarci.com\/index.php?rest_route=\/wp\/v2\/media\/3267"}],"wp:attachment":[{"href":"http:\/\/www.sislibilgisayarci.com\/index.php?rest_route=%2Fwp%2Fv2%2Fmedia&parent=3266"}],"wp:term":[{"taxonomy":"product_cat","embeddable":true,"href":"http:\/\/www.sislibilgisayarci.com\/index.php?rest_route=%2Fwp%2Fv2%2Fproduct_cat&post=3266"},{"taxonomy":"product_tag","embeddable":true,"href":"http:\/\/www.sislibilgisayarci.com\/index.php?rest_route=%2Fwp%2Fv2%2Fproduct_tag&post=3266"}],"curies":[{"name":"wp","href":"https:\/\/api.w.org\/{rel}","templated":true}]}}