{"id":329,"date":"2017-01-23T11:06:41","date_gmt":"2017-01-23T11:06:41","guid":{"rendered":"https:\/\/www.sislibilgisayarci.com\/?post_type=product&#038;p=329"},"modified":"2024-04-06T09:14:49","modified_gmt":"2024-04-06T09:14:49","slug":"lenovo-g570-ekran-cover","status":"publish","type":"product","link":"http:\/\/www.sislibilgisayarci.com\/?product=lenovo-g570-ekran-cover","title":{"rendered":"Lenovo G570 Ekran Cover"},"content":{"rendered":"<p>\u00dcr\u00fcn 2. Eldir.<\/p>\n<p>Kargo m\u00fc\u015fteriye aittir.<\/p>\n<p>Lenovo Ideapad G570-G575<\/p>\n<p>Ekran Cover\u0131n\u0131n alt k\u0131sm\u0131ndaki \u00fc\u00e7 vida yuvas\u0131n\u0131n i\u00e7i bo\u015f metal k\u0131s\u0131mlar\u0131 yok..<\/p>\n<p>D\u0131\u015f g\u00f6r\u00fcn\u00fcm\u00fc temizdir.<\/p>\n","protected":false},"excerpt":{"rendered":"<p>\u00dcr\u00fcn 2. Eldir. Kargo m\u00fc\u015fteriye aittir. Lenovo Ideapad G570-G575 Ekran Cover\u0131n\u0131n alt k\u0131sm\u0131ndaki \u00fc\u00e7 vida yuvas\u0131n\u0131n i\u00e7i bo\u015f metal k\u0131s\u0131mlar\u0131 yok.. D\u0131\u015f g\u00f6r\u00fcn\u00fcm\u00fc temizdir.<\/p>\n","protected":false},"featured_media":330,"template":"","meta":[],"product_cat":[218],"product_tag":[220,219,255,256,70],"_links":{"self":[{"href":"http:\/\/www.sislibilgisayarci.com\/index.php?rest_route=\/wp\/v2\/product\/329"}],"collection":[{"href":"http:\/\/www.sislibilgisayarci.com\/index.php?rest_route=\/wp\/v2\/product"}],"about":[{"href":"http:\/\/www.sislibilgisayarci.com\/index.php?rest_route=\/wp\/v2\/types\/product"}],"wp:featuredmedia":[{"embeddable":true,"href":"http:\/\/www.sislibilgisayarci.com\/index.php?rest_route=\/wp\/v2\/media\/330"}],"wp:attachment":[{"href":"http:\/\/www.sislibilgisayarci.com\/index.php?rest_route=%2Fwp%2Fv2%2Fmedia&parent=329"}],"wp:term":[{"taxonomy":"product_cat","embeddable":true,"href":"http:\/\/www.sislibilgisayarci.com\/index.php?rest_route=%2Fwp%2Fv2%2Fproduct_cat&post=329"},{"taxonomy":"product_tag","embeddable":true,"href":"http:\/\/www.sislibilgisayarci.com\/index.php?rest_route=%2Fwp%2Fv2%2Fproduct_tag&post=329"}],"curies":[{"name":"wp","href":"https:\/\/api.w.org\/{rel}","templated":true}]}}