{"id":3304,"date":"2023-06-08T10:07:48","date_gmt":"2023-06-08T10:07:48","guid":{"rendered":"https:\/\/www.sislibilgisayarci.com\/?post_type=product&#038;p=3304"},"modified":"2024-04-06T09:12:54","modified_gmt":"2024-04-06T09:12:54","slug":"acer-aspire-e1-v5we2-572-sag-mentese","status":"publish","type":"product","link":"http:\/\/www.sislibilgisayarci.com\/?product=acer-aspire-e1-v5we2-572-sag-mentese","title":{"rendered":"Acer Aspire E1-V5WE2 (572) sa\u011f mente\u015fe"},"content":{"rendered":"<p>\u00dcr\u00fcn ikinci eldir.<\/p>\n<p>Kargo \u00fccreti m\u00fc\u015fteriye aittir.<\/p>\n","protected":false},"excerpt":{"rendered":"<p>\u00dcr\u00fcn ikinci eldir. Kargo \u00fccreti m\u00fc\u015fteriye aittir.<\/p>\n","protected":false},"featured_media":3305,"template":"","meta":[],"product_cat":[43],"product_tag":[2004],"_links":{"self":[{"href":"http:\/\/www.sislibilgisayarci.com\/index.php?rest_route=\/wp\/v2\/product\/3304"}],"collection":[{"href":"http:\/\/www.sislibilgisayarci.com\/index.php?rest_route=\/wp\/v2\/product"}],"about":[{"href":"http:\/\/www.sislibilgisayarci.com\/index.php?rest_route=\/wp\/v2\/types\/product"}],"wp:featuredmedia":[{"embeddable":true,"href":"http:\/\/www.sislibilgisayarci.com\/index.php?rest_route=\/wp\/v2\/media\/3305"}],"wp:attachment":[{"href":"http:\/\/www.sislibilgisayarci.com\/index.php?rest_route=%2Fwp%2Fv2%2Fmedia&parent=3304"}],"wp:term":[{"taxonomy":"product_cat","embeddable":true,"href":"http:\/\/www.sislibilgisayarci.com\/index.php?rest_route=%2Fwp%2Fv2%2Fproduct_cat&post=3304"},{"taxonomy":"product_tag","embeddable":true,"href":"http:\/\/www.sislibilgisayarci.com\/index.php?rest_route=%2Fwp%2Fv2%2Fproduct_tag&post=3304"}],"curies":[{"name":"wp","href":"https:\/\/api.w.org\/{rel}","templated":true}]}}