{"id":336,"date":"2017-01-23T12:02:42","date_gmt":"2017-01-23T12:02:42","guid":{"rendered":"https:\/\/www.sislibilgisayarci.com\/?product=lenovo-g550-lr-hoparlor-pn-pk23000bq00"},"modified":"2024-04-06T09:14:49","modified_gmt":"2024-04-06T09:14:49","slug":"lenovo-g550-lr-hoparlor-pn-pk23000bq00","status":"publish","type":"product","link":"http:\/\/www.sislibilgisayarci.com\/?product=lenovo-g550-lr-hoparlor-pn-pk23000bq00","title":{"rendered":"Lenovo G550 &#8211; L+R HOPARL\u00d6R, PN PK23000BQ00"},"content":{"rendered":"<p>\u00dcr\u00fcn 2. Eldir.<\/p>\n<p>Kargo m\u00fc\u015fteriye aittir.<\/p>\n<p>Lenovo Ideapad G550<\/p>\n<p>&nbsp;<\/p>\n","protected":false},"excerpt":{"rendered":"<p>\u00dcr\u00fcn 2. Eldir. Kargo m\u00fc\u015fteriye aittir. Lenovo Ideapad G550 &nbsp;<\/p>\n","protected":false},"featured_media":339,"template":"","meta":[],"product_cat":[56],"product_tag":[265,267,266,70,268],"_links":{"self":[{"href":"http:\/\/www.sislibilgisayarci.com\/index.php?rest_route=\/wp\/v2\/product\/336"}],"collection":[{"href":"http:\/\/www.sislibilgisayarci.com\/index.php?rest_route=\/wp\/v2\/product"}],"about":[{"href":"http:\/\/www.sislibilgisayarci.com\/index.php?rest_route=\/wp\/v2\/types\/product"}],"wp:featuredmedia":[{"embeddable":true,"href":"http:\/\/www.sislibilgisayarci.com\/index.php?rest_route=\/wp\/v2\/media\/339"}],"wp:attachment":[{"href":"http:\/\/www.sislibilgisayarci.com\/index.php?rest_route=%2Fwp%2Fv2%2Fmedia&parent=336"}],"wp:term":[{"taxonomy":"product_cat","embeddable":true,"href":"http:\/\/www.sislibilgisayarci.com\/index.php?rest_route=%2Fwp%2Fv2%2Fproduct_cat&post=336"},{"taxonomy":"product_tag","embeddable":true,"href":"http:\/\/www.sislibilgisayarci.com\/index.php?rest_route=%2Fwp%2Fv2%2Fproduct_tag&post=336"}],"curies":[{"name":"wp","href":"https:\/\/api.w.org\/{rel}","templated":true}]}}