{"id":3397,"date":"2024-02-29T10:41:48","date_gmt":"2024-02-29T10:41:48","guid":{"rendered":"https:\/\/www.sislibilgisayarci.com\/?post_type=product&#038;p=3397"},"modified":"2024-04-06T09:12:51","modified_gmt":"2024-04-06T09:12:51","slug":"hp-15-ac005nt-laptop-m7w86ea-usb-kart-okuyucu","status":"publish","type":"product","link":"http:\/\/www.sislibilgisayarci.com\/?product=hp-15-ac005nt-laptop-m7w86ea-usb-kart-okuyucu","title":{"rendered":"HP 15-ac005nt Laptop (M7W86Ea) USB Kart Okuyucu"},"content":{"rendered":"<p>\u00dcr\u00fcn 2. eldir.<\/p>\n<p>G\u00f6rsel temsilidir.<\/p>\n<p>Kargo \u00fccreti \u00fcr\u00fcn\u00fcn hacmine g\u00f6re de\u011fi\u015fmekle birlikte, m\u00fc\u015fteriye aittir.<\/p>\n","protected":false},"excerpt":{"rendered":"<p>\u00dcr\u00fcn 2. eldir. G\u00f6rsel temsilidir. Kargo \u00fccreti \u00fcr\u00fcn\u00fcn hacmine g\u00f6re de\u011fi\u015fmekle birlikte, m\u00fc\u015fteriye aittir.<\/p>\n","protected":false},"featured_media":3398,"template":"","meta":[],"product_cat":[36],"product_tag":[2048],"_links":{"self":[{"href":"http:\/\/www.sislibilgisayarci.com\/index.php?rest_route=\/wp\/v2\/product\/3397"}],"collection":[{"href":"http:\/\/www.sislibilgisayarci.com\/index.php?rest_route=\/wp\/v2\/product"}],"about":[{"href":"http:\/\/www.sislibilgisayarci.com\/index.php?rest_route=\/wp\/v2\/types\/product"}],"wp:featuredmedia":[{"embeddable":true,"href":"http:\/\/www.sislibilgisayarci.com\/index.php?rest_route=\/wp\/v2\/media\/3398"}],"wp:attachment":[{"href":"http:\/\/www.sislibilgisayarci.com\/index.php?rest_route=%2Fwp%2Fv2%2Fmedia&parent=3397"}],"wp:term":[{"taxonomy":"product_cat","embeddable":true,"href":"http:\/\/www.sislibilgisayarci.com\/index.php?rest_route=%2Fwp%2Fv2%2Fproduct_cat&post=3397"},{"taxonomy":"product_tag","embeddable":true,"href":"http:\/\/www.sislibilgisayarci.com\/index.php?rest_route=%2Fwp%2Fv2%2Fproduct_tag&post=3397"}],"curies":[{"name":"wp","href":"https:\/\/api.w.org\/{rel}","templated":true}]}}